{"id":10,"date":"2020-08-19T00:10:55","date_gmt":"2020-08-18T21:10:55","guid":{"rendered":"http:\/\/atli.com.tr\/tr\/?page_id=10"},"modified":"2020-09-30T22:52:48","modified_gmt":"2020-09-30T19:52:48","slug":"hakkimizda","status":"publish","type":"page","link":"https:\/\/atli.com.tr\/tr\/hakkimizda\/","title":{"rendered":"Hakk\u0131m\u0131zda"},"content":{"rendered":"<div class=\"fusion-fullwidth fullwidth-box fusion-builder-row-1 fusion-flex-container nonhundred-percent-fullwidth non-hundred-percent-height-scrolling\" style=\"--awb-border-radius-top-left:0px;--awb-border-radius-top-right:0px;--awb-border-radius-bottom-right:0px;--awb-border-radius-bottom-left:0px;--awb-padding-top:35px;--awb-flex-wrap:wrap;\" ><div class=\"fusion-builder-row fusion-row fusion-flex-align-items-flex-start fusion-flex-content-wrap\" style=\"max-width:1248px;margin-left: calc(-4% \/ 2 );margin-right: calc(-4% \/ 2 );\"><div class=\"fusion-layout-column fusion_builder_column fusion-builder-column-0 fusion_builder_column_1_2 1_2 fusion-flex-column\" style=\"--awb-bg-size:cover;--awb-width-large:50%;--awb-margin-top-large:0px;--awb-spacing-right-large:3.84%;--awb-margin-bottom-large:20px;--awb-spacing-left-large:3.84%;--awb-width-medium:50%;--awb-order-medium:0;--awb-spacing-right-medium:3.84%;--awb-spacing-left-medium:3.84%;--awb-width-small:100%;--awb-order-small:0;--awb-spacing-right-small:1.92%;--awb-spacing-left-small:1.92%;\"><div class=\"fusion-column-wrapper fusion-column-has-shadow fusion-flex-justify-content-flex-start fusion-content-layout-column\"><div class=\"fusion-text fusion-text-1\"><p>ATLI, T\u00fcrk sanayinde ilkleri ger\u00e7ekle\u015ftirmek \u00fczere 1951 y\u0131l\u0131nda Kollektif \u015eirket olarak \u0130stanbul Topkap\u0131\u2019da kurulmu\u015ftur. \u015eirket yap\u0131s\u0131n\u0131n 1956 y\u0131l\u0131nda Anonim \u015eirkete d\u00f6n\u00fc\u015ft\u00fcr\u00fclmesi ile birlikte; zengin \u00fcr\u00fcn \u00e7e\u015fitlili\u011fi sa\u011flanm\u0131\u015ft\u0131r.<br \/>\nO tarihlerde ATLI, ger\u00e7ekle\u015fen Toplu i\u011fne \u00fcretimi ile T\u00fcrk sanayindeki geli\u015fmenin sembol\u00fc olarak g\u00f6r\u00fclm\u00fc\u015f, \u201cT\u00fcrkiye bir toplu i\u011fne bile \u00fcretemiyor\u201d yarg\u0131s\u0131na son vermi\u015ftir.<br \/>\n1968 y\u0131l\u0131na gelindi\u011finde, geni\u015f bir zincir \u00fcretim gam\u0131n\u0131n yan\u0131 s\u0131ra raptiye, toplu i\u011fne ve ata\u015f \u00fcretimiyle ATLI, b\u00f6lgesinin en b\u00fcy\u00fck tel mamulleri \u00fcreticisi haline gelmi\u015ftir.<br \/>\n\u0130lklere imza atmay\u0131 s\u00fcrd\u00fcren ATLI, 1968 y\u0131l\u0131nda T\u00fcrk sanayine anahtar teslimi end\u00fcstriyel tesisler \u00fcretmek gayesiyle makine fabrikas\u0131n\u0131 kurmu\u015ftur.<br \/>\nD\u00fcnya zincir \u00fcretim sanayindeki geli\u015fmeleri daima yak\u0131ndan takip etmi\u015f, teknolojik d\u00fczeyini d\u00fcnya standartlar\u0131nda tutmak i\u00e7in s\u00fcrekli olarak yapt\u0131\u011f\u0131 yat\u0131r\u0131mlarla makine park\u0131n\u0131 revize etmi\u015ftir.<\/p>\n<\/div><div class=\"fusion-text fusion-text-2\"><p><img decoding=\"async\" class=\"alignnone wp-image-54 \" src=\"http:\/\/atli.com.tr\/tr\/wp-content\/uploads\/2020\/08\/1-456x254-1.jpg\" alt=\"\" width=\"564\" height=\"314\" srcset=\"https:\/\/atli.com.tr\/tr\/wp-content\/uploads\/2020\/08\/1-456x254-1-200x111.jpg 200w, https:\/\/atli.com.tr\/tr\/wp-content\/uploads\/2020\/08\/1-456x254-1-300x167.jpg 300w, https:\/\/atli.com.tr\/tr\/wp-content\/uploads\/2020\/08\/1-456x254-1-400x223.jpg 400w, https:\/\/atli.com.tr\/tr\/wp-content\/uploads\/2020\/08\/1-456x254-1.jpg 456w\" sizes=\"(max-width: 564px) 100vw, 564px\" \/><\/p>\n<\/div><\/div><\/div><div class=\"fusion-layout-column fusion_builder_column fusion-builder-column-1 fusion_builder_column_1_2 1_2 fusion-flex-column\" style=\"--awb-bg-size:cover;--awb-width-large:50%;--awb-margin-top-large:0px;--awb-spacing-right-large:3.84%;--awb-margin-bottom-large:20px;--awb-spacing-left-large:3.84%;--awb-width-medium:50%;--awb-order-medium:0;--awb-spacing-right-medium:3.84%;--awb-spacing-left-medium:3.84%;--awb-width-small:100%;--awb-order-small:0;--awb-spacing-right-small:1.92%;--awb-spacing-left-small:1.92%;\"><div class=\"fusion-column-wrapper fusion-column-has-shadow fusion-flex-justify-content-flex-start fusion-content-layout-column\"><div class=\"fusion-text fusion-text-3\"><p><img decoding=\"async\" class=\"alignnone size-full wp-image-48\" src=\"http:\/\/atli.com.tr\/tr\/wp-content\/uploads\/2020\/08\/e1-456x254-1.jpg\" alt=\"\" width=\"456\" height=\"254\" srcset=\"https:\/\/atli.com.tr\/tr\/wp-content\/uploads\/2020\/08\/e1-456x254-1-200x111.jpg 200w, https:\/\/atli.com.tr\/tr\/wp-content\/uploads\/2020\/08\/e1-456x254-1-300x167.jpg 300w, https:\/\/atli.com.tr\/tr\/wp-content\/uploads\/2020\/08\/e1-456x254-1-400x223.jpg 400w, https:\/\/atli.com.tr\/tr\/wp-content\/uploads\/2020\/08\/e1-456x254-1.jpg 456w\" sizes=\"(max-width: 456px) 100vw, 456px\" \/><\/p>\n<\/div><div class=\"fusion-text fusion-text-4\"><p>\u00d83 mm. ila \u00d826 mm. tel \u00e7ap\u0131nda \u00fcretim yapan ATLI, y\u00fcksek dayan\u0131ml\u0131 kald\u0131rma, sapan ve caraskal zincirleri, maden ve konvey\u00f6r zincirleri, kalibre zincirler, galvanizli deniz zincirleri ve her t\u00fcrl\u00fc ama\u00e7 i\u00e7in kullan\u0131lan sanayi zincirlerini, Avrupa ve Amerikan standartlar\u0131na uygun olarak \u00fcretmektedir. ATLI ISO 9001:2008 ve y\u00fcksek dayan\u0131ml\u0131 kald\u0131rma zincirleri i\u00e7in Alman Norddeutsche Metall-Berufsgenossen Shcaft taraf\u0131ndan d\u00fcnyada say\u0131l\u0131 zincir \u00fcreticisine verilen, H kalite damgas\u0131n\u0131n 51 numaras\u0131n\u0131n sahibidir.<br \/>\nATLI; karl\u0131 ve buzlu yollarda, k\u00f6t\u00fc hava \u015fartlar\u0131nda, insanlar\u0131n can ve mal g\u00fcvenli\u011fini sa\u011flayacak \u00e7ok kaliteli patinaj zincirlerini T\u00fcrkiye ve d\u00fcnya piyasalar\u0131na sunmaktad\u0131r.<br \/>\n1986 y\u0131l\u0131nda kendi tescilli markas\u0131 olan TAKMAT\u0130K Patinaj zincirleri ile al\u0131\u015f\u0131lagelmi\u015f patinaj zinciri kavram\u0131na pratikli\u011fi, emniyeti ve rahatl\u0131\u011f\u0131yla farkl\u0131 bir boyut getirmi\u015ftir.<br \/>\nKalitesi ile \u00fclke s\u0131n\u0131rlar\u0131n\u0131 a\u015farak uluslararas\u0131 zincir pazar\u0131nda da ad\u0131n\u0131 duyurmu\u015f olan ATLI, 1968 y\u0131l\u0131ndan beri Amerika, \u0130ngiltere, Fransa, Almanya, Japonya, \u0130talya, \u0130sve\u00e7, Bulgaristan, Romanya, L\u00fcbnan gibi \u00fclkelere ihracat yapmaktad\u0131r.<\/p>\n<\/div><\/div><\/div><\/div><\/div>\n","protected":false},"excerpt":{"rendered":"","protected":false},"author":1,"featured_media":0,"parent":0,"menu_order":0,"comment_status":"closed","ping_status":"closed","template":"","meta":{"footnotes":""},"class_list":["post-10","page","type-page","status-publish","hentry"],"_links":{"self":[{"href":"https:\/\/atli.com.tr\/tr\/wp-json\/wp\/v2\/pages\/10","targetHints":{"allow":["GET"]}}],"collection":[{"href":"https:\/\/atli.com.tr\/tr\/wp-json\/wp\/v2\/pages"}],"about":[{"href":"https:\/\/atli.com.tr\/tr\/wp-json\/wp\/v2\/types\/page"}],"author":[{"embeddable":true,"href":"https:\/\/atli.com.tr\/tr\/wp-json\/wp\/v2\/users\/1"}],"replies":[{"embeddable":true,"href":"https:\/\/atli.com.tr\/tr\/wp-json\/wp\/v2\/comments?post=10"}],"version-history":[{"count":16,"href":"https:\/\/atli.com.tr\/tr\/wp-json\/wp\/v2\/pages\/10\/revisions"}],"predecessor-version":[{"id":664,"href":"https:\/\/atli.com.tr\/tr\/wp-json\/wp\/v2\/pages\/10\/revisions\/664"}],"wp:attachment":[{"href":"https:\/\/atli.com.tr\/tr\/wp-json\/wp\/v2\/media?parent=10"}],"curies":[{"name":"wp","href":"https:\/\/api.w.org\/{rel}","templated":true}]}}