{"id":1096,"date":"2024-01-24T18:18:46","date_gmt":"2024-01-24T15:18:46","guid":{"rendered":"https:\/\/atli.com.tr\/tr\/?page_id=1096"},"modified":"2024-01-24T18:26:20","modified_gmt":"2024-01-24T15:26:20","slug":"uyari-ve-tavsiyeler","status":"publish","type":"page","link":"https:\/\/atli.com.tr\/tr\/sanayi-zincir-grubu\/uyari-ve-tavsiyeler\/","title":{"rendered":"Uyar\u0131 ve Tavsiyeler"},"content":{"rendered":"<p><div class=\"fusion-fullwidth fullwidth-box fusion-builder-row-1 fusion-flex-container nonhundred-percent-fullwidth non-hundred-percent-height-scrolling fusion-no-small-visibility fusion-no-medium-visibility\" style=\"--awb-border-radius-top-left:0px;--awb-border-radius-top-right:0px;--awb-border-radius-bottom-right:0px;--awb-border-radius-bottom-left:0px;--awb-padding-top:6%;--awb-background-color:#ffffff;--awb-flex-wrap:wrap;\" ><div class=\"fusion-builder-row fusion-row fusion-flex-align-items-flex-start fusion-flex-content-wrap\" style=\"max-width:1248px;margin-left: calc(-4% \/ 2 );margin-right: calc(-4% \/ 2 );\"><div class=\"fusion-layout-column fusion_builder_column fusion-builder-column-0 fusion_builder_column_1_3 1_3 fusion-flex-column\" style=\"--awb-bg-size:cover;--awb-width-large:33.333333333333%;--awb-margin-top-large:0px;--awb-spacing-right-large:0%;--awb-margin-bottom-large:0px;--awb-spacing-left-large:5.76%;--awb-width-medium:33.333333333333%;--awb-spacing-right-medium:0%;--awb-spacing-left-medium:5.76%;--awb-width-small:100%;--awb-spacing-right-small:1.92%;--awb-spacing-left-small:1.92%;\"><div class=\"fusion-column-wrapper fusion-column-has-shadow fusion-flex-justify-content-flex-start fusion-content-layout-column\"><div class=\"fusion-text fusion-text-1\"><h3>Sanayi Zincir Grubu<\/h3>\n<\/div><div class=\"fusion-text fusion-text-2\"><p><u>Y\u00fck Kald\u0131rma ve Sapan Zincirleri<\/u><br \/>\n<a href=\"https:\/\/atli.com.tr\/tr\/sanayi-zincir-grubu\/din-en-818-2\/\">\u2013 DIN EN 818 \u2013 2 \/ GRADE 80 (G80)<\/a><br \/>\n<a href=\"https:\/\/atli.com.tr\/tr\/sanayi-zincir-grubu\/grade-100-g100\/\">\u2013 GRADE 100 (G100)<\/a><br \/>\n<a href=\"https:\/\/atli.com.tr\/tr\/sanayi-zincir-grubu\/din-5687-grade-50-g50\/\">\u2013 DIN 5687 \/ GRADE 50 (G50)<\/a><\/p>\n<p><u>Caraskal Zincirleri<\/u><br \/>\n<a href=\"https:\/\/atli.com.tr\/tr\/sanayi-zincir-grubu\/din-5684-g50-g60-g80\/\">\u2013 DIN 5684 \/ G50-G60-G80<\/a><\/p>\n<p><u>Y\u00fcksek Dayan\u0131ml\u0131 Maden Zincirleri<\/u><br \/>\n<a href=\"https:\/\/atli.com.tr\/tr\/sanayi-zincir-grubu\/din-22252\/\">\u2013 DIN 22252<\/a><\/p>\n<p><u>Konvey\u00f6r Zincirleri<\/u><br \/>\n<a href=\"https:\/\/atli.com.tr\/tr\/sanayi-zincir-grubu\/din-764\/\">\u2013 DIN 764<\/a><br \/>\n<a href=\"https:\/\/atli.com.tr\/tr\/sanayi-zincir-grubu\/din-762\/\">\u2013 DIN 762<\/a><\/p>\n<p><u>K\u0131sa Baklal\u0131 Kalibre Edilmi\u015f Zincirler<\/u><br \/>\n<a href=\"https:\/\/atli.com.tr\/tr\/sanayi-zincir-grubu\/din-766\/\">\u2013 DIN 766<\/a><\/p>\n<p><u>Kalibre Edilmemi\u015f Zincirler<\/u><br \/>\n<a href=\"https:\/\/atli.com.tr\/tr\/sanayi-zincir-grubu\/din-5685\/\"><em><strong>\u2013<\/strong><\/em> DIN 5685<\/a><br \/>\n<a href=\"https:\/\/atli.com.tr\/tr\/sanayi-zincir-grubu\/din-763\/\">\u2013 DIN 763<\/a><\/p>\n<p><span style=\"color: #ff0000;\"><strong><a style=\"color: #ff0000;\"><u>Uyar\u0131 ve Tavsiyeler<\/u><\/a><\/strong><\/span><\/p>\n<p><a href=\"https:\/\/atli.com.tr\/tr\/deniz-zincir-grubu\/\"><strong>Deniz Zinciri Grubu<\/strong><\/a><br \/>\n<a href=\"https:\/\/atli.com.tr\/tr\/patinaj-kar-zinciri-grubu\/\"><strong>Patinaj \/ Kar Zinciri Grubu<\/strong><\/a><\/p>\n<\/div><\/div><\/div><div class=\"fusion-layout-column fusion_builder_column fusion-builder-column-1 fusion_builder_column_2_3 2_3 fusion-flex-column fusion-flex-align-self-stretch fusion-animated\" style=\"--awb-bg-size:cover;--awb-width-large:66.666666666667%;--awb-margin-top-large:0px;--awb-spacing-right-large:2.88%;--awb-margin-bottom-large:20px;--awb-spacing-left-large:2.88%;--awb-width-medium:66.666666666667%;--awb-order-medium:0;--awb-spacing-right-medium:2.88%;--awb-spacing-left-medium:2.88%;--awb-width-small:100%;--awb-order-small:0;--awb-spacing-right-small:1.92%;--awb-spacing-left-small:1.92%;\" data-animationType=\"fadeInRight\" data-animationDuration=\"1.0\" data-animationOffset=\"top-into-view\"><div class=\"fusion-column-wrapper fusion-column-has-shadow fusion-flex-justify-content-space-evenly fusion-content-layout-column\"><div class=\"fusion-text fusion-text-3\"><p><img decoding=\"async\" class=\"aligncenter size-full wp-image-1098\" src=\"https:\/\/atli.com.tr\/tr\/wp-content\/uploads\/2024\/01\/Uyari-ve-Tavsiyeler-k.jpg\" alt=\"\" width=\"600\" height=\"860\" srcset=\"https:\/\/atli.com.tr\/tr\/wp-content\/uploads\/2024\/01\/Uyari-ve-Tavsiyeler-k-200x287.jpg 200w, https:\/\/atli.com.tr\/tr\/wp-content\/uploads\/2024\/01\/Uyari-ve-Tavsiyeler-k-209x300.jpg 209w, https:\/\/atli.com.tr\/tr\/wp-content\/uploads\/2024\/01\/Uyari-ve-Tavsiyeler-k-400x573.jpg 400w, https:\/\/atli.com.tr\/tr\/wp-content\/uploads\/2024\/01\/Uyari-ve-Tavsiyeler-k.jpg 600w\" sizes=\"(max-width: 600px) 100vw, 600px\" \/><\/p>\n<\/div><\/div><\/div><\/div><\/div><div class=\"fusion-fullwidth fullwidth-box fusion-builder-row-2 fusion-flex-container nonhundred-percent-fullwidth non-hundred-percent-height-scrolling fusion-no-large-visibility\" style=\"--awb-border-radius-top-left:0px;--awb-border-radius-top-right:0px;--awb-border-radius-bottom-right:0px;--awb-border-radius-bottom-left:0px;--awb-padding-top:6%;--awb-flex-wrap:wrap;\" ><div class=\"fusion-builder-row fusion-row fusion-flex-align-items-flex-start fusion-flex-content-wrap\" style=\"max-width:1248px;margin-left: calc(-4% \/ 2 );margin-right: calc(-4% \/ 2 );\"><div class=\"fusion-layout-column fusion_builder_column fusion-builder-column-2 fusion_builder_column_2_3 2_3 fusion-flex-column fusion-flex-align-self-stretch fusion-animated\" style=\"--awb-padding-left:4%;--awb-bg-size:cover;--awb-width-large:66.666666666667%;--awb-margin-top-large:0px;--awb-spacing-right-large:2.88%;--awb-margin-bottom-large:20px;--awb-spacing-left-large:2.88%;--awb-width-medium:66.666666666667%;--awb-order-medium:0;--awb-spacing-right-medium:2.88%;--awb-spacing-left-medium:2.88%;--awb-width-small:100%;--awb-order-small:0;--awb-spacing-right-small:1.92%;--awb-spacing-left-small:1.92%;\" data-animationType=\"fadeInRight\" data-animationDuration=\"1.0\" data-animationOffset=\"top-into-view\"><div class=\"fusion-column-wrapper fusion-column-has-shadow fusion-flex-justify-content-space-evenly fusion-content-layout-column\"><div class=\"fusion-text fusion-text-4\"><p><img decoding=\"async\" class=\"aligncenter size-full wp-image-1098\" src=\"https:\/\/atli.com.tr\/tr\/wp-content\/uploads\/2024\/01\/Uyari-ve-Tavsiyeler-k.jpg\" alt=\"\" width=\"600\" height=\"860\" srcset=\"https:\/\/atli.com.tr\/tr\/wp-content\/uploads\/2024\/01\/Uyari-ve-Tavsiyeler-k-200x287.jpg 200w, https:\/\/atli.com.tr\/tr\/wp-content\/uploads\/2024\/01\/Uyari-ve-Tavsiyeler-k-209x300.jpg 209w, https:\/\/atli.com.tr\/tr\/wp-content\/uploads\/2024\/01\/Uyari-ve-Tavsiyeler-k-400x573.jpg 400w, https:\/\/atli.com.tr\/tr\/wp-content\/uploads\/2024\/01\/Uyari-ve-Tavsiyeler-k.jpg 600w\" sizes=\"(max-width: 600px) 100vw, 600px\" \/><\/p>\n<\/div><\/div><\/div><div class=\"fusion-layout-column fusion_builder_column fusion-builder-column-3 fusion_builder_column_1_3 1_3 fusion-flex-column\" style=\"--awb-padding-top:36px;--awb-bg-size:cover;--awb-width-large:33.333333333333%;--awb-margin-top-large:0px;--awb-spacing-right-large:5.76%;--awb-margin-bottom-large:0px;--awb-spacing-left-large:5.76%;--awb-width-medium:33.333333333333%;--awb-spacing-right-medium:5.76%;--awb-spacing-left-medium:5.76%;--awb-width-small:100%;--awb-spacing-right-small:1.92%;--awb-spacing-left-small:1.92%;\"><div class=\"fusion-column-wrapper fusion-column-has-shadow fusion-flex-justify-content-flex-start fusion-content-layout-column\"><div class=\"fusion-text fusion-text-5\"><h3>Sanayi Zincir Grubu<\/h3>\n<\/div><div class=\"fusion-text fusion-text-6\"><p><u>Y\u00fck Kald\u0131rma ve Sapan Zincirleri<\/u><br \/>\n<a href=\"https:\/\/atli.com.tr\/tr\/sanayi-zincir-grubu\/din-en-818-2\/\">\u2013 DIN EN 818 \u2013 2 \/ GRADE 80 (G80)<\/a><br \/>\n<a href=\"https:\/\/atli.com.tr\/tr\/sanayi-zincir-grubu\/grade-100-g100\/\">\u2013 GRADE 100 (G100)<\/a><br \/>\n<a href=\"https:\/\/atli.com.tr\/tr\/sanayi-zincir-grubu\/din-5687-grade-50-g50\/\">\u2013 DIN 5687 \/ GRADE 50 (G50)<\/a><\/p>\n<p><u>Caraskal Zincirleri<\/u><br \/>\n<a href=\"https:\/\/atli.com.tr\/tr\/sanayi-zincir-grubu\/din-5684-g50-g60-g80\/\">\u2013 DIN 5684 \/ G50-G60-G80<\/a><\/p>\n<p><u>Y\u00fcksek Dayan\u0131ml\u0131 Maden Zincirleri<\/u><br \/>\n<a href=\"https:\/\/atli.com.tr\/tr\/sanayi-zincir-grubu\/din-22252\/\">\u2013 DIN 22252<\/a><\/p>\n<p><u>Konvey\u00f6r Zincirleri<\/u><br \/>\n<a href=\"https:\/\/atli.com.tr\/tr\/sanayi-zincir-grubu\/din-764\/\">\u2013 DIN 764<\/a><br \/>\n<a href=\"https:\/\/atli.com.tr\/tr\/sanayi-zincir-grubu\/din-762\/\">\u2013 DIN 762<\/a><\/p>\n<p><u>K\u0131sa Baklal\u0131 Kalibre Edilmi\u015f Zincirler<\/u><br \/>\n<a href=\"https:\/\/atli.com.tr\/tr\/sanayi-zincir-grubu\/din-766\/\">\u2013 DIN 766<\/a><\/p>\n<p><u>Kalibre Edilmemi\u015f Zincirler<\/u><br \/>\n<em><strong>\u2013 DIN 5685<\/strong><\/em><br \/>\n<a href=\"https:\/\/atli.com.tr\/tr\/sanayi-zincir-grubu\/din-763\/\">\u2013 DIN 763<\/a><\/p>\n<p><a href=\"https:\/\/atli.com.tr\/tr\/deniz-zincir-grubu\/\"><strong>Deniz Zinciri Grubu<\/strong><\/a><br \/>\n<a href=\"https:\/\/atli.com.tr\/tr\/patinaj-kar-zinciri-grubu\/\"><strong>Patinaj \/ Kar Zinciri Grubu<\/strong><\/a><\/p>\n<\/div><\/div><\/div><\/div><\/div><\/p>\n","protected":false},"excerpt":{"rendered":"","protected":false},"author":1,"featured_media":0,"parent":145,"menu_order":0,"comment_status":"closed","ping_status":"closed","template":"","meta":{"footnotes":""},"class_list":["post-1096","page","type-page","status-publish","hentry"],"_links":{"self":[{"href":"https:\/\/atli.com.tr\/tr\/wp-json\/wp\/v2\/pages\/1096","targetHints":{"allow":["GET"]}}],"collection":[{"href":"https:\/\/atli.com.tr\/tr\/wp-json\/wp\/v2\/pages"}],"about":[{"href":"https:\/\/atli.com.tr\/tr\/wp-json\/wp\/v2\/types\/page"}],"author":[{"embeddable":true,"href":"https:\/\/atli.com.tr\/tr\/wp-json\/wp\/v2\/users\/1"}],"replies":[{"embeddable":true,"href":"https:\/\/atli.com.tr\/tr\/wp-json\/wp\/v2\/comments?post=1096"}],"version-history":[{"count":6,"href":"https:\/\/atli.com.tr\/tr\/wp-json\/wp\/v2\/pages\/1096\/revisions"}],"predecessor-version":[{"id":1107,"href":"https:\/\/atli.com.tr\/tr\/wp-json\/wp\/v2\/pages\/1096\/revisions\/1107"}],"up":[{"embeddable":true,"href":"https:\/\/atli.com.tr\/tr\/wp-json\/wp\/v2\/pages\/145"}],"wp:attachment":[{"href":"https:\/\/atli.com.tr\/tr\/wp-json\/wp\/v2\/media?parent=1096"}],"curies":[{"name":"wp","href":"https:\/\/api.w.org\/{rel}","templated":true}]}}