{"id":145,"date":"2020-08-20T03:13:16","date_gmt":"2020-08-20T00:13:16","guid":{"rendered":"http:\/\/atli.com.tr\/tr\/?page_id=145"},"modified":"2024-02-03T17:49:51","modified_gmt":"2024-02-03T14:49:51","slug":"sanayi-zincir-grubu","status":"publish","type":"page","link":"https:\/\/atli.com.tr\/tr\/sanayi-zincir-grubu\/","title":{"rendered":"Sanayi Zincir Grubu"},"content":{"rendered":"<p><div class=\"fusion-fullwidth fullwidth-box fusion-builder-row-1 fusion-flex-container nonhundred-percent-fullwidth non-hundred-percent-height-scrolling fusion-no-small-visibility fusion-no-medium-visibility\" style=\"--awb-border-radius-top-left:0px;--awb-border-radius-top-right:0px;--awb-border-radius-bottom-right:0px;--awb-border-radius-bottom-left:0px;--awb-padding-top:6%;--awb-background-color:#ffffff;--awb-flex-wrap:wrap;\" ><div class=\"fusion-builder-row fusion-row fusion-flex-align-items-flex-start fusion-flex-content-wrap\" style=\"max-width:1248px;margin-left: calc(-4% \/ 2 );margin-right: calc(-4% \/ 2 );\"><div class=\"fusion-layout-column fusion_builder_column fusion-builder-column-0 fusion_builder_column_1_3 1_3 fusion-flex-column\" style=\"--awb-bg-size:cover;--awb-width-large:33.333333333333%;--awb-margin-top-large:0px;--awb-spacing-right-large:0%;--awb-margin-bottom-large:0px;--awb-spacing-left-large:5.76%;--awb-width-medium:33.333333333333%;--awb-spacing-right-medium:0%;--awb-spacing-left-medium:5.76%;--awb-width-small:100%;--awb-spacing-right-small:1.92%;--awb-spacing-left-small:1.92%;\"><div class=\"fusion-column-wrapper fusion-column-has-shadow fusion-flex-justify-content-flex-start fusion-content-layout-column\"><div class=\"fusion-text fusion-text-1\"><p><u>Y\u00fck Kald\u0131rma ve Sapan Zincirleri<\/u><br \/>\n<a href=\"https:\/\/atli.com.tr\/tr\/sanayi-zincir-grubu\/din-en-818-2\/\">\u2013 DIN EN 818 \u2013 2 \/ GRADE 80 (G80)<\/a><br \/>\n<a href=\"https:\/\/atli.com.tr\/tr\/sanayi-zincir-grubu\/grade-100-g100\/\">\u2013 GRADE 100 (G100)<\/a><br \/>\n<a href=\"https:\/\/atli.com.tr\/tr\/sanayi-zincir-grubu\/din-5687-grade-50-g50\/\">\u2013 DIN 5687 \/ GRADE 50 (G50)<\/a><\/p>\n<p><u>Caraskal Zincirleri<\/u><br \/>\n<a href=\"https:\/\/atli.com.tr\/tr\/sanayi-zincir-grubu\/din-5684-g50-g60-g80\/\">\u2013 DIN 5684 \/ G50-G60-G80<\/a><\/p>\n<p><u>Y\u00fcksek Dayan\u0131ml\u0131 Maden Zincirleri<\/u><br \/>\n<a href=\"https:\/\/atli.com.tr\/tr\/sanayi-zincir-grubu\/din-22252\/\">\u2013 DIN 22252<\/a><\/p>\n<p><u>Konvey\u00f6r Zincirleri<\/u><br \/>\n<a href=\"https:\/\/atli.com.tr\/tr\/sanayi-zincir-grubu\/din-764\/\">\u2013 DIN 764<\/a><br \/>\n<a href=\"https:\/\/atli.com.tr\/tr\/sanayi-zincir-grubu\/din-762\/\">\u2013 DIN 762<\/a><\/p>\n<p><u>K\u0131sa Baklal\u0131 Kalibre Edilmi\u015f Zincirler<\/u><br \/>\n<a href=\"https:\/\/atli.com.tr\/tr\/sanayi-zincir-grubu\/din-766\/\">\u2013 DIN 766<\/a><\/p>\n<p><u>Kalibre Edilmemi\u015f Zincirler<\/u><br \/>\n<a href=\"https:\/\/atli.com.tr\/tr\/sanayi-zincir-grubu\/din-5685\/\">\u2013 DIN 5685<\/a><br \/>\n<a href=\"https:\/\/atli.com.tr\/tr\/sanayi-zincir-grubu\/din-763\/\">\u2013 DIN 763<\/a><\/p>\n<p><a href=\"https:\/\/atli.com.tr\/tr\/sanayi-zincir-grubu\/uyari-ve-tavsiyeler\/\"><span style=\"color: #ff0000;\"><strong><u>Uyar\u0131 ve Tavsiyeler<\/u><\/strong><\/span><\/a><\/p>\n<p><a href=\"https:\/\/atli.com.tr\/tr\/deniz-zincir-grubu\/\"><strong>Deniz Zinciri Grubu<\/strong><\/a><br \/>\n<a href=\"https:\/\/atli.com.tr\/tr\/patinaj-kar-zinciri-grubu\/\"><strong>Patinaj \/ Kar Zinciri Grubu<\/strong><\/a><\/p>\n<\/div><\/div><\/div><div class=\"fusion-layout-column fusion_builder_column fusion-builder-column-1 fusion_builder_column_2_3 2_3 fusion-flex-column fusion-flex-align-self-stretch fusion-animated\" style=\"--awb-bg-size:cover;--awb-width-large:66.666666666667%;--awb-margin-top-large:0px;--awb-spacing-right-large:2.88%;--awb-margin-bottom-large:20px;--awb-spacing-left-large:2.88%;--awb-width-medium:66.666666666667%;--awb-order-medium:0;--awb-spacing-right-medium:2.88%;--awb-spacing-left-medium:2.88%;--awb-width-small:100%;--awb-order-small:0;--awb-spacing-right-small:1.92%;--awb-spacing-left-small:1.92%;\" data-animationType=\"fadeInRight\" data-animationDuration=\"1.0\" data-animationOffset=\"top-into-view\"><div class=\"fusion-column-wrapper fusion-column-has-shadow fusion-flex-justify-content-space-evenly fusion-content-layout-column\"><div class=\"awb-gallery-wrapper awb-gallery-wrapper-1 button-span-no\"><div style=\"margin:-5px;--awb-bordersize:0px;\" class=\"fusion-gallery fusion-gallery-container fusion-grid-3 fusion-columns-total-5 fusion-gallery-layout-masonry fusion-gallery-1\"><div class=\"fusion-grid-column fusion-gallery-column fusion-gallery-column-3 hover-type-none fusion-grid-sizer\"><\/div><div style=\"padding:5px;\" class=\"fusion-grid-column fusion-gallery-column fusion-gallery-column-3 hover-type-none fusion-element-portrait\"><div class=\"fusion-gallery-image\"><div style=\"background-image:url(https:\/\/atli.com.tr\/tr\/wp-content\/uploads\/2020\/08\/dn-818-rotated.jpg);padding-top:calc((100% + 10px) * 1.6);background-position:;\" class=\"fusion-masonry-element-container\"><img decoding=\"async\" src=\"https:\/\/atli.com.tr\/tr\/wp-content\/uploads\/2020\/08\/dn-818-rotated.jpg\" width=\"300\" height=\"670\" alt=\"\" title=\"dn-818\" aria-label=\"dn-818\" class=\"img-responsive wp-image-220\" srcset=\"https:\/\/atli.com.tr\/tr\/wp-content\/uploads\/2020\/08\/dn-818-200x447.jpg 200w, https:\/\/atli.com.tr\/tr\/wp-content\/uploads\/2020\/08\/dn-818-rotated.jpg 300w\" sizes=\"(min-width: 2200px) 100vw, (min-width: 784px) 397px, (min-width: 712px) 595px, (min-width: 640px) 712px, \" \/><\/div><\/div><\/div><div style=\"padding:5px;\" class=\"fusion-grid-column fusion-gallery-column fusion-gallery-column-3 hover-type-none fusion-element-landscape\"><div class=\"fusion-gallery-image\"><div style=\"background-image:url(https:\/\/atli.com.tr\/tr\/wp-content\/uploads\/2020\/08\/banner17-960x540-1.jpg);padding-top:calc((100% + 10px) * 0.4 - 5px);background-position:;\" class=\"fusion-masonry-element-container\"><img decoding=\"async\" src=\"https:\/\/atli.com.tr\/tr\/wp-content\/uploads\/2020\/08\/banner17-960x540-1.jpg\" width=\"960\" height=\"540\" alt=\"\" title=\"banner17-960&#215;540\" aria-label=\"banner17-960&#215;540\" class=\"img-responsive wp-image-194\" srcset=\"https:\/\/atli.com.tr\/tr\/wp-content\/uploads\/2020\/08\/banner17-960x540-1-200x113.jpg 200w, https:\/\/atli.com.tr\/tr\/wp-content\/uploads\/2020\/08\/banner17-960x540-1-400x225.jpg 400w, https:\/\/atli.com.tr\/tr\/wp-content\/uploads\/2020\/08\/banner17-960x540-1-600x338.jpg 600w, https:\/\/atli.com.tr\/tr\/wp-content\/uploads\/2020\/08\/banner17-960x540-1-800x450.jpg 800w, https:\/\/atli.com.tr\/tr\/wp-content\/uploads\/2020\/08\/banner17-960x540-1.jpg 960w\" sizes=\"(min-width: 2200px) 100vw, (min-width: 640px) 1200px, \" \/><\/div><\/div><\/div><div style=\"padding:5px;\" class=\"fusion-grid-column fusion-gallery-column fusion-gallery-column-3 hover-type-none fusion-element-landscape\"><div class=\"fusion-gallery-image\"><div style=\"background-image:url(https:\/\/atli.com.tr\/tr\/wp-content\/uploads\/2020\/08\/maden1.jpg);padding-top:calc((100% + 10px) * 0.4 - 5px);background-position:;\" class=\"fusion-masonry-element-container\"><img decoding=\"async\" src=\"https:\/\/atli.com.tr\/tr\/wp-content\/uploads\/2020\/08\/maden1.jpg\" width=\"450\" height=\"260\" alt=\"\" title=\"maden1\" aria-label=\"maden1\" class=\"img-responsive wp-image-160\" srcset=\"https:\/\/atli.com.tr\/tr\/wp-content\/uploads\/2020\/08\/maden1-200x116.jpg 200w, https:\/\/atli.com.tr\/tr\/wp-content\/uploads\/2020\/08\/maden1-400x231.jpg 400w, https:\/\/atli.com.tr\/tr\/wp-content\/uploads\/2020\/08\/maden1.jpg 450w\" sizes=\"(min-width: 2200px) 100vw, (min-width: 640px) 1200px, \" \/><\/div><\/div><\/div><div style=\"padding:5px;\" class=\"fusion-grid-column fusion-gallery-column fusion-gallery-column-3 hover-type-none fusion-element-landscape\"><div class=\"fusion-gallery-image\"><div style=\"background-image:url(https:\/\/atli.com.tr\/tr\/wp-content\/uploads\/2020\/08\/sanayi-tipi-zincir.jpg);padding-top:calc((100% + 10px) * 0.4 - 5px);background-position:;\" class=\"fusion-masonry-element-container\"><img decoding=\"async\" src=\"https:\/\/atli.com.tr\/tr\/wp-content\/uploads\/2020\/08\/sanayi-tipi-zincir.jpg\" width=\"670\" height=\"300\" alt=\"\" title=\"sanayi-tipi-zincir\" aria-label=\"sanayi-tipi-zincir\" class=\"img-responsive wp-image-187\" srcset=\"https:\/\/atli.com.tr\/tr\/wp-content\/uploads\/2020\/08\/sanayi-tipi-zincir-200x90.jpg 200w, https:\/\/atli.com.tr\/tr\/wp-content\/uploads\/2020\/08\/sanayi-tipi-zincir-400x179.jpg 400w, https:\/\/atli.com.tr\/tr\/wp-content\/uploads\/2020\/08\/sanayi-tipi-zincir-600x269.jpg 600w, https:\/\/atli.com.tr\/tr\/wp-content\/uploads\/2020\/08\/sanayi-tipi-zincir.jpg 670w\" sizes=\"(min-width: 2200px) 100vw, (min-width: 640px) 1200px, \" \/><\/div><\/div><\/div><div style=\"padding:5px;\" class=\"fusion-grid-column fusion-gallery-column fusion-gallery-column-3 hover-type-none fusion-element-grid\"><div class=\"fusion-gallery-image\"><div style=\"background-image:url(https:\/\/atli.com.tr\/tr\/wp-content\/uploads\/2020\/10\/sanayi-kategori.jpg);padding-top:calc((100% + 10px) * 0.8 - 5px);background-position:;\" class=\"fusion-masonry-element-container\"><img decoding=\"async\" src=\"https:\/\/atli.com.tr\/tr\/wp-content\/uploads\/2020\/10\/sanayi-kategori.jpg\" width=\"720\" height=\"540\" alt=\"\" title=\"sanayi-kategori\" aria-label=\"sanayi-kategori\" class=\"img-responsive wp-image-841\" srcset=\"https:\/\/atli.com.tr\/tr\/wp-content\/uploads\/2020\/10\/sanayi-kategori-200x150.jpg 200w, https:\/\/atli.com.tr\/tr\/wp-content\/uploads\/2020\/10\/sanayi-kategori-400x300.jpg 400w, https:\/\/atli.com.tr\/tr\/wp-content\/uploads\/2020\/10\/sanayi-kategori-600x450.jpg 600w, https:\/\/atli.com.tr\/tr\/wp-content\/uploads\/2020\/10\/sanayi-kategori.jpg 720w\" sizes=\"(min-width: 2200px) 100vw, (min-width: 784px) 397px, (min-width: 712px) 595px, (min-width: 640px) 712px, \" \/><\/div><\/div><\/div><\/div><\/div><\/div><\/div><\/div><\/div><div class=\"fusion-fullwidth fullwidth-box fusion-builder-row-2 fusion-flex-container nonhundred-percent-fullwidth non-hundred-percent-height-scrolling fusion-no-large-visibility\" style=\"--awb-border-radius-top-left:0px;--awb-border-radius-top-right:0px;--awb-border-radius-bottom-right:0px;--awb-border-radius-bottom-left:0px;--awb-padding-top:6%;--awb-flex-wrap:wrap;\" ><div class=\"fusion-builder-row fusion-row fusion-flex-align-items-flex-start fusion-flex-content-wrap\" style=\"max-width:1248px;margin-left: calc(-4% \/ 2 );margin-right: calc(-4% \/ 2 );\"><div class=\"fusion-layout-column fusion_builder_column fusion-builder-column-2 fusion_builder_column_2_3 2_3 fusion-flex-column fusion-flex-align-self-stretch fusion-animated\" style=\"--awb-padding-left:4%;--awb-bg-size:cover;--awb-width-large:66.666666666667%;--awb-margin-top-large:0px;--awb-spacing-right-large:2.88%;--awb-margin-bottom-large:20px;--awb-spacing-left-large:2.88%;--awb-width-medium:66.666666666667%;--awb-order-medium:0;--awb-spacing-right-medium:2.88%;--awb-spacing-left-medium:2.88%;--awb-width-small:100%;--awb-order-small:0;--awb-spacing-right-small:1.92%;--awb-spacing-left-small:1.92%;\" data-animationType=\"fadeInRight\" data-animationDuration=\"1.0\" data-animationOffset=\"top-into-view\"><div class=\"fusion-column-wrapper fusion-column-has-shadow fusion-flex-justify-content-space-evenly fusion-content-layout-column\"><div class=\"awb-gallery-wrapper awb-gallery-wrapper-2 button-span-no\"><div style=\"margin:-5px;--awb-bordersize:0px;\" class=\"fusion-gallery fusion-gallery-container fusion-grid-3 fusion-columns-total-5 fusion-gallery-layout-masonry fusion-gallery-2\"><div class=\"fusion-grid-column fusion-gallery-column fusion-gallery-column-3 hover-type-none fusion-element-grid fusion-grid-sizer\"><\/div><div style=\"padding:5px;\" class=\"fusion-grid-column fusion-gallery-column fusion-gallery-column-3 hover-type-none fusion-element-portrait\"><div class=\"fusion-gallery-image\"><div style=\"background-image:url(https:\/\/atli.com.tr\/tr\/wp-content\/uploads\/2020\/08\/dn-818-rotated.jpg);padding-top:calc((100% + 10px) * 1.6);background-position:;\" class=\"fusion-masonry-element-container\"><img decoding=\"async\" src=\"https:\/\/atli.com.tr\/tr\/wp-content\/uploads\/2020\/08\/dn-818-rotated.jpg\" width=\"300\" height=\"670\" alt=\"\" title=\"dn-818\" aria-label=\"dn-818\" class=\"img-responsive wp-image-220\" srcset=\"https:\/\/atli.com.tr\/tr\/wp-content\/uploads\/2020\/08\/dn-818-200x447.jpg 200w, https:\/\/atli.com.tr\/tr\/wp-content\/uploads\/2020\/08\/dn-818-rotated.jpg 300w\" sizes=\"(min-width: 2200px) 100vw, (min-width: 784px) 397px, (min-width: 712px) 595px, (min-width: 640px) 712px, \" \/><\/div><\/div><\/div><div style=\"padding:5px;\" class=\"fusion-grid-column fusion-gallery-column fusion-gallery-column-3 hover-type-none fusion-element-landscape\"><div class=\"fusion-gallery-image\"><div style=\"background-image:url(https:\/\/atli.com.tr\/tr\/wp-content\/uploads\/2020\/08\/banner17-960x540-1.jpg);padding-top:calc((100% + 10px) * 0.4 - 5px);background-position:;\" class=\"fusion-masonry-element-container\"><img decoding=\"async\" src=\"https:\/\/atli.com.tr\/tr\/wp-content\/uploads\/2020\/08\/banner17-960x540-1.jpg\" width=\"960\" height=\"540\" alt=\"\" title=\"banner17-960&#215;540\" aria-label=\"banner17-960&#215;540\" class=\"img-responsive wp-image-194\" srcset=\"https:\/\/atli.com.tr\/tr\/wp-content\/uploads\/2020\/08\/banner17-960x540-1-200x113.jpg 200w, https:\/\/atli.com.tr\/tr\/wp-content\/uploads\/2020\/08\/banner17-960x540-1-400x225.jpg 400w, https:\/\/atli.com.tr\/tr\/wp-content\/uploads\/2020\/08\/banner17-960x540-1-600x338.jpg 600w, https:\/\/atli.com.tr\/tr\/wp-content\/uploads\/2020\/08\/banner17-960x540-1-800x450.jpg 800w, https:\/\/atli.com.tr\/tr\/wp-content\/uploads\/2020\/08\/banner17-960x540-1.jpg 960w\" sizes=\"(min-width: 2200px) 100vw, (min-width: 640px) 1200px, \" \/><\/div><\/div><\/div><div style=\"padding:5px;\" class=\"fusion-grid-column fusion-gallery-column fusion-gallery-column-3 hover-type-none fusion-element-landscape\"><div class=\"fusion-gallery-image\"><div style=\"background-image:url(https:\/\/atli.com.tr\/tr\/wp-content\/uploads\/2020\/08\/maden1.jpg);padding-top:calc((100% + 10px) * 0.4 - 5px);background-position:;\" class=\"fusion-masonry-element-container\"><img decoding=\"async\" src=\"https:\/\/atli.com.tr\/tr\/wp-content\/uploads\/2020\/08\/maden1.jpg\" width=\"450\" height=\"260\" alt=\"\" title=\"maden1\" aria-label=\"maden1\" class=\"img-responsive wp-image-160\" srcset=\"https:\/\/atli.com.tr\/tr\/wp-content\/uploads\/2020\/08\/maden1-200x116.jpg 200w, https:\/\/atli.com.tr\/tr\/wp-content\/uploads\/2020\/08\/maden1-400x231.jpg 400w, https:\/\/atli.com.tr\/tr\/wp-content\/uploads\/2020\/08\/maden1.jpg 450w\" sizes=\"(min-width: 2200px) 100vw, (min-width: 640px) 1200px, \" \/><\/div><\/div><\/div><div style=\"padding:5px;\" class=\"fusion-grid-column fusion-gallery-column fusion-gallery-column-3 hover-type-none fusion-element-landscape\"><div class=\"fusion-gallery-image\"><div style=\"background-image:url(https:\/\/atli.com.tr\/tr\/wp-content\/uploads\/2020\/08\/sanayi-tipi-zincir.jpg);padding-top:calc((100% + 10px) * 0.4 - 5px);background-position:;\" class=\"fusion-masonry-element-container\"><img decoding=\"async\" src=\"https:\/\/atli.com.tr\/tr\/wp-content\/uploads\/2020\/08\/sanayi-tipi-zincir.jpg\" width=\"670\" height=\"300\" alt=\"\" title=\"sanayi-tipi-zincir\" aria-label=\"sanayi-tipi-zincir\" class=\"img-responsive wp-image-187\" srcset=\"https:\/\/atli.com.tr\/tr\/wp-content\/uploads\/2020\/08\/sanayi-tipi-zincir-200x90.jpg 200w, https:\/\/atli.com.tr\/tr\/wp-content\/uploads\/2020\/08\/sanayi-tipi-zincir-400x179.jpg 400w, https:\/\/atli.com.tr\/tr\/wp-content\/uploads\/2020\/08\/sanayi-tipi-zincir-600x269.jpg 600w, https:\/\/atli.com.tr\/tr\/wp-content\/uploads\/2020\/08\/sanayi-tipi-zincir.jpg 670w\" sizes=\"(min-width: 2200px) 100vw, (min-width: 640px) 1200px, \" \/><\/div><\/div><\/div><div style=\"padding:5px;\" class=\"fusion-grid-column fusion-gallery-column fusion-gallery-column-3 hover-type-none fusion-element-grid\"><div class=\"fusion-gallery-image\"><div style=\"background-image:url(https:\/\/atli.com.tr\/tr\/wp-content\/uploads\/2020\/10\/sanayi-kategori.jpg);padding-top:calc((100% + 10px) * 0.8 - 5px);background-position:;\" class=\"fusion-masonry-element-container\"><img decoding=\"async\" src=\"https:\/\/atli.com.tr\/tr\/wp-content\/uploads\/2020\/10\/sanayi-kategori.jpg\" width=\"720\" height=\"540\" alt=\"\" title=\"sanayi-kategori\" aria-label=\"sanayi-kategori\" class=\"img-responsive wp-image-841\" srcset=\"https:\/\/atli.com.tr\/tr\/wp-content\/uploads\/2020\/10\/sanayi-kategori-200x150.jpg 200w, https:\/\/atli.com.tr\/tr\/wp-content\/uploads\/2020\/10\/sanayi-kategori-400x300.jpg 400w, https:\/\/atli.com.tr\/tr\/wp-content\/uploads\/2020\/10\/sanayi-kategori-600x450.jpg 600w, https:\/\/atli.com.tr\/tr\/wp-content\/uploads\/2020\/10\/sanayi-kategori.jpg 720w\" sizes=\"(min-width: 2200px) 100vw, (min-width: 784px) 397px, (min-width: 712px) 595px, (min-width: 640px) 712px, \" \/><\/div><\/div><\/div><\/div><\/div><\/div><\/div><div class=\"fusion-layout-column fusion_builder_column fusion-builder-column-3 fusion_builder_column_1_3 1_3 fusion-flex-column\" style=\"--awb-padding-top:36px;--awb-bg-size:cover;--awb-width-large:33.333333333333%;--awb-margin-top-large:0px;--awb-spacing-right-large:5.76%;--awb-margin-bottom-large:0px;--awb-spacing-left-large:5.76%;--awb-width-medium:33.333333333333%;--awb-spacing-right-medium:5.76%;--awb-spacing-left-medium:5.76%;--awb-width-small:100%;--awb-spacing-right-small:1.92%;--awb-spacing-left-small:1.92%;\"><div class=\"fusion-column-wrapper fusion-column-has-shadow fusion-flex-justify-content-flex-start fusion-content-layout-column\"><div class=\"fusion-text fusion-text-2\"><p><u>Y\u00fck Kald\u0131rma ve Sapan Zincirleri<\/u><br \/>\n<a href=\"https:\/\/atli.com.tr\/tr\/sanayi-zincir-grubu\/din-en-818-2\/\">\u2013 DIN EN 818 \u2013 2 \/ GRADE 80 (G80)<\/a><br \/>\n<a href=\"https:\/\/atli.com.tr\/tr\/sanayi-zincir-grubu\/grade-100-g100\/\">\u2013 GRADE 100 (G100)<\/a><br \/>\n<a href=\"https:\/\/atli.com.tr\/tr\/sanayi-zincir-grubu\/din-5687-grade-50-g50\/\">\u2013 DIN 5687 \/ GRADE 50 (G50)<\/a><\/p>\n<p><u>Caraskal Zincirleri<\/u><br \/>\n<a href=\"https:\/\/atli.com.tr\/tr\/sanayi-zincir-grubu\/din-5684-g50-g60-g80\/\">\u2013 DIN 5684 \/ G50-G60-G80<\/a><\/p>\n<p><u>Y\u00fcksek Dayan\u0131ml\u0131 Maden Zincirleri<\/u><br \/>\n<a href=\"https:\/\/atli.com.tr\/tr\/sanayi-zincir-grubu\/din-22252\/\">\u2013 DIN 22252<\/a><\/p>\n<p><u>Konvey\u00f6r Zincirleri<\/u><br \/>\n<a href=\"https:\/\/atli.com.tr\/tr\/sanayi-zincir-grubu\/din-764\/\">\u2013 DIN 764<\/a><br \/>\n<a href=\"https:\/\/atli.com.tr\/tr\/sanayi-zincir-grubu\/din-762\/\">\u2013 DIN 762<\/a><\/p>\n<p><u>K\u0131sa Baklal\u0131 Kalibre Edilmi\u015f Zincirler<\/u><br \/>\n<a href=\"https:\/\/atli.com.tr\/tr\/sanayi-zincir-grubu\/din-766\/\">\u2013 DIN 766<\/a><\/p>\n<p><u>Kalibre Edilmemi\u015f Zincirler<\/u><br \/>\n<a href=\"https:\/\/atli.com.tr\/tr\/sanayi-zincir-grubu\/din-5685\/\">\u2013 DIN 5685<\/a><br \/>\n<a href=\"https:\/\/atli.com.tr\/tr\/sanayi-zincir-grubu\/din-763\/\">\u2013 DIN 763<\/a><\/p>\n<p><a href=\"https:\/\/atli.com.tr\/tr\/sanayi-zincir-grubu\/uyari-ve-tavsiyeler\/\"><span style=\"color: #ff0000;\"><strong><u>Uyar\u0131 ve Tavsiyeler<\/u><\/strong><\/span><\/a><\/p>\n<p><a href=\"https:\/\/atli.com.tr\/tr\/deniz-zincir-grubu\/\"><strong>Deniz Zinciri Grubu<\/strong><\/a><br \/>\n<a href=\"https:\/\/atli.com.tr\/tr\/patinaj-kar-zinciri-grubu\/\"><strong>Patinaj \/ Kar Zinciri Grubu<\/strong><\/a><\/p>\n<\/div><\/div><\/div><\/div><\/div><\/p>\n","protected":false},"excerpt":{"rendered":"","protected":false},"author":1,"featured_media":0,"parent":0,"menu_order":0,"comment_status":"closed","ping_status":"closed","template":"","meta":{"footnotes":""},"class_list":["post-145","page","type-page","status-publish","hentry"],"_links":{"self":[{"href":"https:\/\/atli.com.tr\/tr\/wp-json\/wp\/v2\/pages\/145","targetHints":{"allow":["GET"]}}],"collection":[{"href":"https:\/\/atli.com.tr\/tr\/wp-json\/wp\/v2\/pages"}],"about":[{"href":"https:\/\/atli.com.tr\/tr\/wp-json\/wp\/v2\/types\/page"}],"author":[{"embeddable":true,"href":"https:\/\/atli.com.tr\/tr\/wp-json\/wp\/v2\/users\/1"}],"replies":[{"embeddable":true,"href":"https:\/\/atli.com.tr\/tr\/wp-json\/wp\/v2\/comments?post=145"}],"version-history":[{"count":38,"href":"https:\/\/atli.com.tr\/tr\/wp-json\/wp\/v2\/pages\/145\/revisions"}],"predecessor-version":[{"id":1130,"href":"https:\/\/atli.com.tr\/tr\/wp-json\/wp\/v2\/pages\/145\/revisions\/1130"}],"wp:attachment":[{"href":"https:\/\/atli.com.tr\/tr\/wp-json\/wp\/v2\/media?parent=145"}],"curies":[{"name":"wp","href":"https:\/\/api.w.org\/{rel}","templated":true}]}}