{"id":16,"date":"2020-08-19T00:12:04","date_gmt":"2020-08-18T21:12:04","guid":{"rendered":"http:\/\/atli.com.tr\/tr\/?page_id=16"},"modified":"2020-10-23T13:18:06","modified_gmt":"2020-10-23T10:18:06","slug":"referanslar","status":"publish","type":"page","link":"https:\/\/atli.com.tr\/tr\/referanslar\/","title":{"rendered":"Referanslar"},"content":{"rendered":"<div class=\"fusion-fullwidth fullwidth-box fusion-builder-row-1 fusion-flex-container nonhundred-percent-fullwidth non-hundred-percent-height-scrolling\" style=\"--awb-border-radius-top-left:0px;--awb-border-radius-top-right:0px;--awb-border-radius-bottom-right:0px;--awb-border-radius-bottom-left:0px;--awb-padding-top:35px;--awb-flex-wrap:wrap;\" ><div class=\"fusion-builder-row fusion-row fusion-flex-align-items-flex-start fusion-flex-content-wrap\" style=\"max-width:1248px;margin-left: calc(-4% \/ 2 );margin-right: calc(-4% \/ 2 );\"><div class=\"fusion-layout-column fusion_builder_column fusion-builder-column-0 fusion_builder_column_1_1 1_1 fusion-flex-column\" style=\"--awb-bg-size:cover;--awb-width-large:100%;--awb-margin-top-large:0px;--awb-spacing-right-large:1.92%;--awb-margin-bottom-large:20px;--awb-spacing-left-large:1.92%;--awb-width-medium:100%;--awb-order-medium:0;--awb-spacing-right-medium:1.92%;--awb-spacing-left-medium:1.92%;--awb-width-small:100%;--awb-order-small:0;--awb-spacing-right-small:1.92%;--awb-spacing-left-small:1.92%;\"><div class=\"fusion-column-wrapper fusion-column-has-shadow fusion-flex-justify-content-flex-start fusion-content-layout-column\"><div class=\"awb-gallery-wrapper awb-gallery-wrapper-1 button-span-no\"><div style=\"margin:-5px;--awb-bordersize:0px;\" class=\"fusion-gallery fusion-gallery-container fusion-grid-5 fusion-columns-total-15 fusion-gallery-layout-grid fusion-gallery-1\"><div style=\"padding:5px;\" class=\"fusion-grid-column fusion-gallery-column fusion-gallery-column-5 hover-type-none\"><div class=\"fusion-gallery-image\"><img decoding=\"async\" src=\"https:\/\/atli.com.tr\/tr\/wp-content\/uploads\/2020\/08\/kgm.jpg\" width=\"150\" height=\"150\" alt=\"\" title=\"kgm\" aria-label=\"kgm\" class=\"img-responsive wp-image-91\" srcset=\"https:\/\/atli.com.tr\/tr\/wp-content\/uploads\/2020\/08\/kgm-66x66.jpg 66w, https:\/\/atli.com.tr\/tr\/wp-content\/uploads\/2020\/08\/kgm.jpg 150w\" sizes=\"(max-width: 150px) 100vw, 150px\" \/><\/div><\/div><div style=\"padding:5px;\" class=\"fusion-grid-column fusion-gallery-column fusion-gallery-column-5 hover-type-none\"><div class=\"fusion-gallery-image\"><img decoding=\"async\" src=\"https:\/\/atli.com.tr\/tr\/wp-content\/uploads\/2020\/08\/komur-isletme.jpg\" width=\"150\" height=\"150\" alt=\"\" title=\"k\u00f6m\u00fcr-i\u015fletme\" aria-label=\"k\u00f6m\u00fcr-i\u015fletme\" class=\"img-responsive wp-image-73\" srcset=\"https:\/\/atli.com.tr\/tr\/wp-content\/uploads\/2020\/08\/komur-isletme-66x66.jpg 66w, https:\/\/atli.com.tr\/tr\/wp-content\/uploads\/2020\/08\/komur-isletme.jpg 150w\" sizes=\"(max-width: 150px) 100vw, 150px\" \/><\/div><\/div><div style=\"padding:5px;\" class=\"fusion-grid-column fusion-gallery-column fusion-gallery-column-5 hover-type-none\"><div class=\"fusion-gallery-image\"><img decoding=\"async\" src=\"https:\/\/atli.com.tr\/tr\/wp-content\/uploads\/2020\/08\/teias.jpg\" width=\"150\" height=\"150\" alt=\"\" title=\"teias\" aria-label=\"teias\" class=\"img-responsive wp-image-82\" srcset=\"https:\/\/atli.com.tr\/tr\/wp-content\/uploads\/2020\/08\/teias-66x66.jpg 66w, https:\/\/atli.com.tr\/tr\/wp-content\/uploads\/2020\/08\/teias.jpg 150w\" sizes=\"(max-width: 150px) 100vw, 150px\" \/><\/div><\/div><div style=\"padding:5px;\" class=\"fusion-grid-column fusion-gallery-column fusion-gallery-column-5 hover-type-none\"><div class=\"fusion-gallery-image\"><img decoding=\"async\" src=\"https:\/\/atli.com.tr\/tr\/wp-content\/uploads\/2020\/08\/erdemir.jpg\" width=\"150\" height=\"150\" alt=\"\" title=\"erdemir\" aria-label=\"erdemir\" class=\"img-responsive wp-image-69\" srcset=\"https:\/\/atli.com.tr\/tr\/wp-content\/uploads\/2020\/08\/erdemir-66x66.jpg 66w, https:\/\/atli.com.tr\/tr\/wp-content\/uploads\/2020\/08\/erdemir.jpg 150w\" sizes=\"(max-width: 150px) 100vw, 150px\" \/><\/div><\/div><div style=\"padding:5px;\" class=\"fusion-grid-column fusion-gallery-column fusion-gallery-column-5 hover-type-none\"><div class=\"fusion-gallery-image\"><img decoding=\"async\" src=\"https:\/\/atli.com.tr\/tr\/wp-content\/uploads\/2020\/08\/isdemir.jpg\" width=\"150\" height=\"150\" alt=\"\" title=\"isdemir\" aria-label=\"isdemir\" class=\"img-responsive wp-image-71\" srcset=\"https:\/\/atli.com.tr\/tr\/wp-content\/uploads\/2020\/08\/isdemir-66x66.jpg 66w, https:\/\/atli.com.tr\/tr\/wp-content\/uploads\/2020\/08\/isdemir.jpg 150w\" sizes=\"(max-width: 150px) 100vw, 150px\" \/><\/div><\/div><div class=\"clearfix\"><\/div><div style=\"padding:5px;\" class=\"fusion-grid-column fusion-gallery-column fusion-gallery-column-5 hover-type-none\"><div class=\"fusion-gallery-image\"><img decoding=\"async\" src=\"https:\/\/atli.com.tr\/tr\/wp-content\/uploads\/2020\/08\/kardemir.jpg\" width=\"150\" height=\"150\" alt=\"\" title=\"kardemir\" aria-label=\"kardemir\" class=\"img-responsive wp-image-72\" srcset=\"https:\/\/atli.com.tr\/tr\/wp-content\/uploads\/2020\/08\/kardemir-66x66.jpg 66w, https:\/\/atli.com.tr\/tr\/wp-content\/uploads\/2020\/08\/kardemir.jpg 150w\" sizes=\"(max-width: 150px) 100vw, 150px\" \/><\/div><\/div><div style=\"padding:5px;\" class=\"fusion-grid-column fusion-gallery-column fusion-gallery-column-5 hover-type-none\"><div class=\"fusion-gallery-image\"><img decoding=\"async\" src=\"https:\/\/atli.com.tr\/tr\/wp-content\/uploads\/2020\/08\/otoyol.jpg\" width=\"150\" height=\"150\" alt=\"\" title=\"otoyol\" aria-label=\"otoyol\" class=\"img-responsive wp-image-78\" srcset=\"https:\/\/atli.com.tr\/tr\/wp-content\/uploads\/2020\/08\/otoyol-66x66.jpg 66w, https:\/\/atli.com.tr\/tr\/wp-content\/uploads\/2020\/08\/otoyol.jpg 150w\" sizes=\"(max-width: 150px) 100vw, 150px\" \/><\/div><\/div><div style=\"padding:5px;\" class=\"fusion-grid-column fusion-gallery-column fusion-gallery-column-5 hover-type-none\"><div class=\"fusion-gallery-image\"><img decoding=\"async\" src=\"https:\/\/atli.com.tr\/tr\/wp-content\/uploads\/2020\/08\/seker.jpg\" width=\"150\" height=\"150\" alt=\"\" title=\"\u015feker\" aria-label=\"\u015feker\" class=\"img-responsive wp-image-80\" srcset=\"https:\/\/atli.com.tr\/tr\/wp-content\/uploads\/2020\/08\/seker-66x66.jpg 66w, https:\/\/atli.com.tr\/tr\/wp-content\/uploads\/2020\/08\/seker.jpg 150w\" sizes=\"(max-width: 150px) 100vw, 150px\" \/><\/div><\/div><div style=\"padding:5px;\" class=\"fusion-grid-column fusion-gallery-column fusion-gallery-column-5 hover-type-none\"><div class=\"fusion-gallery-image\"><img decoding=\"async\" src=\"https:\/\/atli.com.tr\/tr\/wp-content\/uploads\/2020\/08\/BMC-LOGO.jpg\" width=\"150\" height=\"150\" alt=\"\" title=\"BMC LOGO\" aria-label=\"BMC LOGO\" class=\"img-responsive wp-image-89\" srcset=\"https:\/\/atli.com.tr\/tr\/wp-content\/uploads\/2020\/08\/BMC-LOGO-66x66.jpg 66w, https:\/\/atli.com.tr\/tr\/wp-content\/uploads\/2020\/08\/BMC-LOGO.jpg 150w\" sizes=\"(max-width: 150px) 100vw, 150px\" \/><\/div><\/div><div style=\"padding:5px;\" class=\"fusion-grid-column fusion-gallery-column fusion-gallery-column-5 hover-type-none\"><div class=\"fusion-gallery-image\"><img decoding=\"async\" src=\"https:\/\/atli.com.tr\/tr\/wp-content\/uploads\/2020\/08\/man.jpg\" width=\"150\" height=\"150\" alt=\"\" title=\"man\" aria-label=\"man\" class=\"img-responsive wp-image-75\" srcset=\"https:\/\/atli.com.tr\/tr\/wp-content\/uploads\/2020\/08\/man-66x66.jpg 66w, https:\/\/atli.com.tr\/tr\/wp-content\/uploads\/2020\/08\/man.jpg 150w\" sizes=\"(max-width: 150px) 100vw, 150px\" \/><\/div><\/div><div class=\"clearfix\"><\/div><div style=\"padding:5px;\" class=\"fusion-grid-column fusion-gallery-column fusion-gallery-column-5 hover-type-none\"><div class=\"fusion-gallery-image\"><img decoding=\"async\" src=\"https:\/\/atli.com.tr\/tr\/wp-content\/uploads\/2020\/08\/koy-hizmetleri.jpg\" width=\"150\" height=\"150\" alt=\"\" title=\"k\u00f6y-hizmetleri\" aria-label=\"k\u00f6y-hizmetleri\" class=\"img-responsive wp-image-74\" srcset=\"https:\/\/atli.com.tr\/tr\/wp-content\/uploads\/2020\/08\/koy-hizmetleri-66x66.jpg 66w, https:\/\/atli.com.tr\/tr\/wp-content\/uploads\/2020\/08\/koy-hizmetleri.jpg 150w\" sizes=\"(max-width: 150px) 100vw, 150px\" \/><\/div><\/div><div style=\"padding:5px;\" class=\"fusion-grid-column fusion-gallery-column fusion-gallery-column-5 hover-type-none\"><div class=\"fusion-gallery-image\"><img decoding=\"async\" src=\"https:\/\/atli.com.tr\/tr\/wp-content\/uploads\/2020\/08\/mercedes.jpg\" width=\"150\" height=\"150\" alt=\"\" title=\"mercedes\" aria-label=\"mercedes\" class=\"img-responsive wp-image-76\" srcset=\"https:\/\/atli.com.tr\/tr\/wp-content\/uploads\/2020\/08\/mercedes-66x66.jpg 66w, https:\/\/atli.com.tr\/tr\/wp-content\/uploads\/2020\/08\/mercedes.jpg 150w\" sizes=\"(max-width: 150px) 100vw, 150px\" \/><\/div><\/div><div style=\"padding:5px;\" class=\"fusion-grid-column fusion-gallery-column fusion-gallery-column-5 hover-type-none\"><div class=\"fusion-gallery-image\"><img decoding=\"async\" src=\"https:\/\/atli.com.tr\/tr\/wp-content\/uploads\/2020\/08\/otokar.jpg\" width=\"150\" height=\"150\" alt=\"\" title=\"otokar\" aria-label=\"otokar\" class=\"img-responsive wp-image-77\" srcset=\"https:\/\/atli.com.tr\/tr\/wp-content\/uploads\/2020\/08\/otokar-66x66.jpg 66w, https:\/\/atli.com.tr\/tr\/wp-content\/uploads\/2020\/08\/otokar.jpg 150w\" sizes=\"(max-width: 150px) 100vw, 150px\" \/><\/div><\/div><div style=\"padding:5px;\" class=\"fusion-grid-column fusion-gallery-column fusion-gallery-column-5 hover-type-none\"><div class=\"fusion-gallery-image\"><img decoding=\"async\" src=\"https:\/\/atli.com.tr\/tr\/wp-content\/uploads\/2020\/08\/renoult.jpg\" width=\"150\" height=\"150\" alt=\"\" title=\"renoult\" aria-label=\"renoult\" class=\"img-responsive wp-image-79\" srcset=\"https:\/\/atli.com.tr\/tr\/wp-content\/uploads\/2020\/08\/renoult-66x66.jpg 66w, https:\/\/atli.com.tr\/tr\/wp-content\/uploads\/2020\/08\/renoult.jpg 150w\" sizes=\"(max-width: 150px) 100vw, 150px\" \/><\/div><\/div><div style=\"padding:5px;\" class=\"fusion-grid-column fusion-gallery-column fusion-gallery-column-5 hover-type-none\"><div class=\"fusion-gallery-image\"><img decoding=\"async\" src=\"https:\/\/atli.com.tr\/tr\/wp-content\/uploads\/2020\/08\/ford.jpg\" width=\"150\" height=\"150\" alt=\"\" title=\"ford\" aria-label=\"ford\" class=\"img-responsive wp-image-70\" srcset=\"https:\/\/atli.com.tr\/tr\/wp-content\/uploads\/2020\/08\/ford-66x66.jpg 66w, https:\/\/atli.com.tr\/tr\/wp-content\/uploads\/2020\/08\/ford.jpg 150w\" sizes=\"(max-width: 150px) 100vw, 150px\" \/><\/div><\/div><div class=\"clearfix\"><\/div><\/div><\/div><div class=\"fusion-text fusion-text-1\"><h4 style=\"text-align: center;\">\u0130hracat Yapt\u0131\u011f\u0131m\u0131z \u00dclkeler<\/h4>\n<\/div><div class=\"fusion-image-element \" style=\"text-align:center;--awb-caption-title-font-family:var(--h2_typography-font-family);--awb-caption-title-font-weight:var(--h2_typography-font-weight);--awb-caption-title-font-style:var(--h2_typography-font-style);--awb-caption-title-size:var(--h2_typography-font-size);--awb-caption-title-transform:var(--h2_typography-text-transform);--awb-caption-title-line-height:var(--h2_typography-line-height);--awb-caption-title-letter-spacing:var(--h2_typography-letter-spacing);\"><span class=\" fusion-imageframe imageframe-none imageframe-1 hover-type-none\"><img decoding=\"async\" width=\"1024\" height=\"79\" title=\"referans-bayrak65\" src=\"https:\/\/atli.com.tr\/tr\/wp-content\/uploads\/2020\/10\/referans-bayrak65-1024x79.png\" alt class=\"img-responsive wp-image-873\" srcset=\"https:\/\/atli.com.tr\/tr\/wp-content\/uploads\/2020\/10\/referans-bayrak65-200x16.png 200w, https:\/\/atli.com.tr\/tr\/wp-content\/uploads\/2020\/10\/referans-bayrak65-400x31.png 400w, https:\/\/atli.com.tr\/tr\/wp-content\/uploads\/2020\/10\/referans-bayrak65-600x47.png 600w, https:\/\/atli.com.tr\/tr\/wp-content\/uploads\/2020\/10\/referans-bayrak65-800x62.png 800w, https:\/\/atli.com.tr\/tr\/wp-content\/uploads\/2020\/10\/referans-bayrak65.png 1032w\" sizes=\"(max-width: 640px) 100vw, 1024px\" \/><\/span><\/div><\/div><\/div><\/div><\/div>\n","protected":false},"excerpt":{"rendered":"","protected":false},"author":1,"featured_media":0,"parent":0,"menu_order":0,"comment_status":"closed","ping_status":"closed","template":"","meta":{"footnotes":""},"class_list":["post-16","page","type-page","status-publish","hentry"],"_links":{"self":[{"href":"https:\/\/atli.com.tr\/tr\/wp-json\/wp\/v2\/pages\/16","targetHints":{"allow":["GET"]}}],"collection":[{"href":"https:\/\/atli.com.tr\/tr\/wp-json\/wp\/v2\/pages"}],"about":[{"href":"https:\/\/atli.com.tr\/tr\/wp-json\/wp\/v2\/types\/page"}],"author":[{"embeddable":true,"href":"https:\/\/atli.com.tr\/tr\/wp-json\/wp\/v2\/users\/1"}],"replies":[{"embeddable":true,"href":"https:\/\/atli.com.tr\/tr\/wp-json\/wp\/v2\/comments?post=16"}],"version-history":[{"count":14,"href":"https:\/\/atli.com.tr\/tr\/wp-json\/wp\/v2\/pages\/16\/revisions"}],"predecessor-version":[{"id":874,"href":"https:\/\/atli.com.tr\/tr\/wp-json\/wp\/v2\/pages\/16\/revisions\/874"}],"wp:attachment":[{"href":"https:\/\/atli.com.tr\/tr\/wp-json\/wp\/v2\/media?parent=16"}],"curies":[{"name":"wp","href":"https:\/\/api.w.org\/{rel}","templated":true}]}}