{"id":260,"date":"2020-08-20T17:09:11","date_gmt":"2020-08-20T14:09:11","guid":{"rendered":"http:\/\/atli.com.tr\/tr\/?page_id=260"},"modified":"2020-10-28T16:34:55","modified_gmt":"2020-10-28T13:34:55","slug":"super-x","status":"publish","type":"page","link":"https:\/\/atli.com.tr\/tr\/patinaj-kar-zinciri-grubu\/super-x\/","title":{"rendered":"S\u00fcper X"},"content":{"rendered":"<p><div class=\"fusion-fullwidth fullwidth-box fusion-builder-row-1 fusion-flex-container nonhundred-percent-fullwidth non-hundred-percent-height-scrolling fusion-no-small-visibility fusion-no-medium-visibility\" style=\"--awb-border-radius-top-left:0px;--awb-border-radius-top-right:0px;--awb-border-radius-bottom-right:0px;--awb-border-radius-bottom-left:0px;--awb-padding-top:6%;--awb-background-color:#ffffff;--awb-flex-wrap:wrap;\" ><div class=\"fusion-builder-row fusion-row fusion-flex-align-items-flex-start fusion-flex-content-wrap\" style=\"max-width:1248px;margin-left: calc(-4% \/ 2 );margin-right: calc(-4% \/ 2 );\"><div class=\"fusion-layout-column fusion_builder_column fusion-builder-column-0 fusion_builder_column_1_3 1_3 fusion-flex-column\" style=\"--awb-bg-size:cover;--awb-width-large:33.333333333333%;--awb-margin-top-large:0px;--awb-spacing-right-large:0%;--awb-margin-bottom-large:0px;--awb-spacing-left-large:5.76%;--awb-width-medium:33.333333333333%;--awb-spacing-right-medium:0%;--awb-spacing-left-medium:5.76%;--awb-width-small:100%;--awb-spacing-right-small:1.92%;--awb-spacing-left-small:1.92%;\"><div class=\"fusion-column-wrapper fusion-column-has-shadow fusion-flex-justify-content-flex-start fusion-content-layout-column\"><div class=\"fusion-text fusion-text-1\"><h3>Patinaj \/ Kar Zinciri Grubu<\/h3>\n<\/div><div class=\"fusion-text fusion-text-2\"><p><a href=\"http:\/\/atli.com.tr\/tr\/patinaj-kar-zinciri-grubu\/super-x\/\">\u2013 S\u00dcPER X<\/a><br \/>\n<a href=\"http:\/\/atli.com.tr\/tr\/patinaj-kar-zinciri-grubu\/super-4x4\/\">\u2013 S\u00dcPER 4\u00d74<\/a><br \/>\n<a href=\"http:\/\/atli.com.tr\/tr\/patinaj-kar-zinciri-grubu\/mahmuzlu\/\">\u2013 MAHMUZLU<\/a><br \/>\n<a href=\"http:\/\/atli.com.tr\/tr\/patinaj-kar-zinciri-grubu\/herkul\/\">\u2013 HERK\u00dcL<\/a><br \/>\n<a href=\"http:\/\/atli.com.tr\/tr\/patinaj-kar-zinciri-grubu\/super-herkul\/\">\u2013 S\u00dcPER HERK\u00dcL<\/a><br \/>\n<a href=\"http:\/\/atli.com.tr\/tr\/patinaj-kar-zinciri-grubu\/mont-blanc\/\">\u2013 MONT BLANC<\/a><br \/>\n<a href=\"http:\/\/atli.com.tr\/tr\/patinaj-kar-zinciri-grubu\/himalaya\/\">\u2013 H\u0130MALAYA<\/a><\/p>\n<p><a href=\"http:\/\/atli.com.tr\/tr\/sanayi-zincir-grubu\/\"><strong>Sanayi Zincir Grubu<\/strong><\/a><br \/>\n<a href=\"http:\/\/atli.com.tr\/tr\/deniz-zincir-grubu\/\"><strong>Deniz Zinciri Grubu<\/strong><\/a><\/p>\n<\/div><div class=\"fusion-widget-area awb-widget-area-element fusion-widget-area-1 fusion-content-widget-area\" style=\"--awb-title-color:rgba(28,35,45,0.7);--awb-padding:0px 0px 0px 0px;\"><div class=\"fusion-additional-widget-content\"><\/div><\/div><div class=\"fusion-text fusion-text-3\"><p><strong>Montaj Talimat\u0131<\/strong><\/p>\n<p><a href=\"https:\/\/atli.com.tr\/tr\/takmatik-montaj-talimati\/\">TAKMAT\u0130K<\/a> \u00fcr\u00fcnlerimizin kolay uygulama bilgilerine ula\u015fabilirsiniz.<\/p>\n<\/div><\/div><\/div><div class=\"fusion-layout-column fusion_builder_column fusion-builder-column-1 fusion_builder_column_2_3 2_3 fusion-flex-column fusion-flex-align-self-stretch fusion-animated\" style=\"--awb-bg-size:cover;--awb-width-large:66.666666666667%;--awb-margin-top-large:0px;--awb-spacing-right-large:2.88%;--awb-margin-bottom-large:20px;--awb-spacing-left-large:2.88%;--awb-width-medium:66.666666666667%;--awb-order-medium:0;--awb-spacing-right-medium:2.88%;--awb-spacing-left-medium:2.88%;--awb-width-small:100%;--awb-order-small:0;--awb-spacing-right-small:1.92%;--awb-spacing-left-small:1.92%;\" data-animationType=\"fadeInRight\" data-animationDuration=\"1.0\" data-animationOffset=\"top-into-view\"><div class=\"fusion-column-wrapper fusion-column-has-shadow fusion-flex-justify-content-space-evenly fusion-content-layout-column\"><div class=\"fusion-builder-row fusion-builder-row-inner fusion-row fusion-flex-align-items-flex-start fusion-flex-content-wrap\" style=\"--awb-flex-grow:0;--awb-flex-grow-medium:0;--awb-flex-grow-small:0;--awb-flex-shrink:0;--awb-flex-shrink-medium:0;--awb-flex-shrink-small:0;width:104% !important;max-width:104% !important;margin-left: calc(-4% \/ 2 );margin-right: calc(-4% \/ 2 );\"><div class=\"fusion-layout-column fusion_builder_column_inner fusion-builder-nested-column-0 fusion_builder_column_inner_1_1 1_1 fusion-flex-column\" style=\"--awb-padding-top:2%;--awb-padding-right:2%;--awb-padding-left:2%;--awb-bg-color:rgba(237,237,237,0.6);--awb-bg-color-hover:rgba(237,237,237,0.6);--awb-bg-size:cover;--awb-width-large:100%;--awb-margin-top-large:0px;--awb-spacing-right-large:1.92%;--awb-margin-bottom-large:20px;--awb-spacing-left-large:1.92%;--awb-width-medium:100%;--awb-order-medium:0;--awb-spacing-right-medium:1.92%;--awb-spacing-left-medium:1.92%;--awb-width-small:100%;--awb-order-small:0;--awb-spacing-right-small:1.92%;--awb-spacing-left-small:1.92%;\"><div class=\"fusion-column-wrapper fusion-column-has-shadow fusion-flex-justify-content-flex-start fusion-content-layout-column\"><div class=\"fusion-text fusion-text-4\" style=\"--awb-content-alignment:left;\"><p><b>S\u00fcper X\u00a0<\/b><b>Takmatik<\/b><b>\u00a0patinaj zincirleri<\/b>, otomobiller i\u00e7in asimetrik X deseni ile her t\u00fcrl\u00fc ileri ve yan kaymalara kar\u015f\u0131 en y\u00fcksek \u00e7eki\u015f ve fren emniyetini sunar.<\/p>\n<\/div><\/div><\/div><\/div><div class=\"fusion-text fusion-text-5\"><p style=\"text-align: left;\">&#8211; Arac\u0131 hareket ettirmeden tamamen d\u0131\u015f y\u00fczeyden montaj<br \/>\n&#8211; Asimetrik X deseni ile her t\u00fcrl\u00fc ileri ve yan kaymalara kar\u015f\u0131 en y\u00fcksek \u00e7eki\u015f ve fren emniyeti<br \/>\n&#8211; Sars\u0131nt\u0131s\u0131z g\u00fcvenli s\u00fcr\u00fc\u015f rahatl\u0131\u011f\u0131<br \/>\n&#8211; Manganez ala\u015f\u0131ml\u0131 kare kesitli \u00e7elik zincir ile uzun \u00f6m\u00fcr<br \/>\n&#8211; \u0130\u00e7 \u00e7evrede plastik boru ile korunmu\u015f \u00e7elik halat<br \/>\n&#8211; D\u0131\u015f y\u00fczeyde, renklendirilmi\u015f par\u00e7alarla kolay ve \u00e7abuk takma \u00f6zelli\u011fi<br \/>\n&#8211; Pratik gerdirme sistemi<br \/>\n&#8211; Parlak \u00e7inko kaplamal\u0131 ve a\u015f\u0131nmaya kar\u015f\u0131 sertle\u015ftirilmi\u015f zincir<br \/>\n&#8211; AYARMAT\u0130K sistemi ile lasti\u011fe m\u00fckemmel oturu\u015f<\/p>\n<\/div><div class=\"fusion-text fusion-text-6\"><p><img decoding=\"async\" class=\"aligncenter size-full wp-image-738\" src=\"https:\/\/atli.com.tr\/tr\/wp-content\/uploads\/2020\/10\/Super-X.jpg\" alt=\"\" width=\"800\" height=\"638\" srcset=\"https:\/\/atli.com.tr\/tr\/wp-content\/uploads\/2020\/10\/Super-X-177x142.jpg 177w, https:\/\/atli.com.tr\/tr\/wp-content\/uploads\/2020\/10\/Super-X-200x160.jpg 200w, https:\/\/atli.com.tr\/tr\/wp-content\/uploads\/2020\/10\/Super-X-300x239.jpg 300w, https:\/\/atli.com.tr\/tr\/wp-content\/uploads\/2020\/10\/Super-X-400x319.jpg 400w, https:\/\/atli.com.tr\/tr\/wp-content\/uploads\/2020\/10\/Super-X-600x479.jpg 600w, https:\/\/atli.com.tr\/tr\/wp-content\/uploads\/2020\/10\/Super-X-768x612.jpg 768w, https:\/\/atli.com.tr\/tr\/wp-content\/uploads\/2020\/10\/Super-X.jpg 800w\" sizes=\"(max-width: 800px) 100vw, 800px\" \/><\/p>\n<\/div><\/div><\/div><\/div><\/div><div class=\"fusion-fullwidth fullwidth-box fusion-builder-row-2 fusion-flex-container nonhundred-percent-fullwidth non-hundred-percent-height-scrolling fusion-no-large-visibility\" style=\"--awb-border-radius-top-left:0px;--awb-border-radius-top-right:0px;--awb-border-radius-bottom-right:0px;--awb-border-radius-bottom-left:0px;--awb-padding-top:6%;--awb-flex-wrap:wrap;\" ><div class=\"fusion-builder-row fusion-row fusion-flex-align-items-flex-start fusion-flex-content-wrap\" style=\"max-width:1248px;margin-left: calc(-4% \/ 2 );margin-right: calc(-4% \/ 2 );\"><div class=\"fusion-layout-column fusion_builder_column fusion-builder-column-2 fusion_builder_column_2_3 2_3 fusion-flex-column fusion-flex-align-self-stretch fusion-animated\" style=\"--awb-padding-left:4%;--awb-bg-size:cover;--awb-width-large:66.666666666667%;--awb-margin-top-large:0px;--awb-spacing-right-large:2.88%;--awb-margin-bottom-large:20px;--awb-spacing-left-large:2.88%;--awb-width-medium:66.666666666667%;--awb-order-medium:0;--awb-spacing-right-medium:2.88%;--awb-spacing-left-medium:2.88%;--awb-width-small:100%;--awb-order-small:0;--awb-spacing-right-small:1.92%;--awb-spacing-left-small:1.92%;\" data-animationType=\"fadeInRight\" data-animationDuration=\"1.0\" data-animationOffset=\"top-into-view\"><div class=\"fusion-column-wrapper fusion-column-has-shadow fusion-flex-justify-content-space-evenly fusion-content-layout-column\"><div class=\"fusion-builder-row fusion-builder-row-inner fusion-row fusion-flex-align-items-flex-start fusion-flex-content-wrap\" style=\"--awb-flex-grow:0;--awb-flex-grow-medium:0;--awb-flex-grow-small:0;--awb-flex-shrink:0;--awb-flex-shrink-medium:0;--awb-flex-shrink-small:0;width:104% !important;max-width:104% !important;margin-left: calc(-4% \/ 2 );margin-right: calc(-4% \/ 2 );\"><div class=\"fusion-layout-column fusion_builder_column_inner fusion-builder-nested-column-1 fusion_builder_column_inner_1_1 1_1 fusion-flex-column\" style=\"--awb-padding-top:2%;--awb-padding-right:2%;--awb-padding-left:2%;--awb-bg-color:rgba(237,237,237,0.6);--awb-bg-color-hover:rgba(237,237,237,0.6);--awb-bg-size:cover;--awb-width-large:100%;--awb-margin-top-large:0px;--awb-spacing-right-large:1.92%;--awb-margin-bottom-large:20px;--awb-spacing-left-large:1.92%;--awb-width-medium:100%;--awb-order-medium:0;--awb-spacing-right-medium:1.92%;--awb-spacing-left-medium:1.92%;--awb-width-small:100%;--awb-order-small:0;--awb-spacing-right-small:1.92%;--awb-spacing-left-small:1.92%;\"><div class=\"fusion-column-wrapper fusion-column-has-shadow fusion-flex-justify-content-flex-start fusion-content-layout-column\"><div class=\"fusion-text fusion-text-7\" style=\"--awb-content-alignment:left;\"><p><b>S\u00fcper X\u00a0<\/b><b>Takmatik<\/b><b>\u00a0patinaj zincirleri<\/b>, otomobiller i\u00e7in asimetrik X deseni ile her t\u00fcrl\u00fc ileri ve yan kaymalara kar\u015f\u0131 en y\u00fcksek \u00e7eki\u015f ve fren emniyetini sunar.<\/p>\n<\/div><\/div><\/div><\/div><div class=\"fusion-text fusion-text-8\"><p style=\"text-align: left;\">&#8211; Arac\u0131 hareket ettirmeden tamamen d\u0131\u015f y\u00fczeyden montaj<br \/>\n&#8211; Asimetrik X deseni ile her t\u00fcrl\u00fc ileri ve yan kaymalara kar\u015f\u0131 en y\u00fcksek \u00e7eki\u015f ve fren emniyeti<br \/>\n&#8211; Sars\u0131nt\u0131s\u0131z g\u00fcvenli s\u00fcr\u00fc\u015f rahatl\u0131\u011f\u0131<br \/>\n&#8211; Manganez ala\u015f\u0131ml\u0131 kare kesitli \u00e7elik zincir ile uzun \u00f6m\u00fcr<br \/>\n&#8211; \u0130\u00e7 \u00e7evrede plastik boru ile korunmu\u015f \u00e7elik halat<br \/>\n&#8211; D\u0131\u015f y\u00fczeyde, renklendirilmi\u015f par\u00e7alarla kolay ve \u00e7abuk takma \u00f6zelli\u011fi<br \/>\n&#8211; Pratik gerdirme sistemi<br \/>\n&#8211; Parlak \u00e7inko kaplamal\u0131 ve a\u015f\u0131nmaya kar\u015f\u0131 sertle\u015ftirilmi\u015f zincir<br \/>\n&#8211; AYARMAT\u0130K sistemi ile lasti\u011fe m\u00fckemmel oturu\u015f<\/p>\n<\/div><div class=\"fusion-text fusion-text-9\"><p><img decoding=\"async\" class=\"aligncenter size-full wp-image-738\" src=\"https:\/\/atli.com.tr\/tr\/wp-content\/uploads\/2020\/10\/Super-X.jpg\" alt=\"\" width=\"800\" height=\"638\" srcset=\"https:\/\/atli.com.tr\/tr\/wp-content\/uploads\/2020\/10\/Super-X-177x142.jpg 177w, https:\/\/atli.com.tr\/tr\/wp-content\/uploads\/2020\/10\/Super-X-200x160.jpg 200w, https:\/\/atli.com.tr\/tr\/wp-content\/uploads\/2020\/10\/Super-X-300x239.jpg 300w, https:\/\/atli.com.tr\/tr\/wp-content\/uploads\/2020\/10\/Super-X-400x319.jpg 400w, https:\/\/atli.com.tr\/tr\/wp-content\/uploads\/2020\/10\/Super-X-600x479.jpg 600w, https:\/\/atli.com.tr\/tr\/wp-content\/uploads\/2020\/10\/Super-X-768x612.jpg 768w, https:\/\/atli.com.tr\/tr\/wp-content\/uploads\/2020\/10\/Super-X.jpg 800w\" sizes=\"(max-width: 800px) 100vw, 800px\" \/><\/p>\n<\/div><\/div><\/div><div class=\"fusion-layout-column fusion_builder_column fusion-builder-column-3 fusion_builder_column_1_3 1_3 fusion-flex-column\" style=\"--awb-padding-top:36px;--awb-bg-size:cover;--awb-width-large:33.333333333333%;--awb-margin-top-large:0px;--awb-spacing-right-large:5.76%;--awb-margin-bottom-large:0px;--awb-spacing-left-large:5.76%;--awb-width-medium:33.333333333333%;--awb-spacing-right-medium:5.76%;--awb-spacing-left-medium:5.76%;--awb-width-small:100%;--awb-spacing-right-small:1.92%;--awb-spacing-left-small:1.92%;\"><div class=\"fusion-column-wrapper fusion-column-has-shadow fusion-flex-justify-content-flex-start fusion-content-layout-column\"><div class=\"fusion-text fusion-text-10\"><h3>Patinaj \/ Kar Zinciri Grubu<\/h3>\n<\/div><div class=\"fusion-text fusion-text-11\"><p><a href=\"http:\/\/atli.com.tr\/tr\/patinaj-kar-zinciri-grubu\/super-x\/\">\u2013 S\u00dcPER X<\/a><br \/>\n<a href=\"http:\/\/atli.com.tr\/tr\/patinaj-kar-zinciri-grubu\/super-4x4\/\">\u2013 S\u00dcPER 4\u00d74<\/a><br \/>\n<a href=\"http:\/\/atli.com.tr\/tr\/patinaj-kar-zinciri-grubu\/mahmuzlu\/\">\u2013 MAHMUZLU<\/a><br \/>\n<a href=\"http:\/\/atli.com.tr\/tr\/patinaj-kar-zinciri-grubu\/herkul\/\">\u2013 HERK\u00dcL<\/a><br \/>\n<a href=\"http:\/\/atli.com.tr\/tr\/patinaj-kar-zinciri-grubu\/super-herkul\/\">\u2013 S\u00dcPER HERK\u00dcL<\/a><br \/>\n<a href=\"http:\/\/atli.com.tr\/tr\/patinaj-kar-zinciri-grubu\/mont-blanc\/\">\u2013 MONT BLANC<\/a><br \/>\n<a href=\"http:\/\/atli.com.tr\/tr\/patinaj-kar-zinciri-grubu\/himalaya\/\">\u2013 H\u0130MALAYA<\/a><\/p>\n<p><a href=\"http:\/\/atli.com.tr\/tr\/sanayi-zincir-grubu\/\"><strong>Sanayi Zincir Grubu<\/strong><\/a><br \/>\n<a href=\"http:\/\/atli.com.tr\/tr\/deniz-zincir-grubu\/\"><strong>Deniz Zinciri Grubu<\/strong><\/a><\/p>\n<\/div><div class=\"fusion-widget-area awb-widget-area-element fusion-widget-area-2 fusion-content-widget-area\" style=\"--awb-title-color:rgba(28,35,45,0.7);--awb-padding:0px 0px 0px 0px;\"><div class=\"fusion-additional-widget-content\"><\/div><\/div><div class=\"fusion-text fusion-text-12\"><p><strong>Montaj Talimat\u0131<\/strong><\/p>\n<p><a href=\"https:\/\/atli.com.tr\/tr\/takmatik-montaj-talimati\/\">TAKMAT\u0130K<\/a> \u00fcr\u00fcnlerimizin kolay uygulama bilgilerine ula\u015fabilirsiniz.<\/p>\n<\/div><\/div><\/div><\/div><\/div><\/p>\n","protected":false},"excerpt":{"rendered":"","protected":false},"author":1,"featured_media":0,"parent":147,"menu_order":0,"comment_status":"closed","ping_status":"closed","template":"","meta":{"footnotes":""},"class_list":["post-260","page","type-page","status-publish","hentry"],"_links":{"self":[{"href":"https:\/\/atli.com.tr\/tr\/wp-json\/wp\/v2\/pages\/260","targetHints":{"allow":["GET"]}}],"collection":[{"href":"https:\/\/atli.com.tr\/tr\/wp-json\/wp\/v2\/pages"}],"about":[{"href":"https:\/\/atli.com.tr\/tr\/wp-json\/wp\/v2\/types\/page"}],"author":[{"embeddable":true,"href":"https:\/\/atli.com.tr\/tr\/wp-json\/wp\/v2\/users\/1"}],"replies":[{"embeddable":true,"href":"https:\/\/atli.com.tr\/tr\/wp-json\/wp\/v2\/comments?post=260"}],"version-history":[{"count":11,"href":"https:\/\/atli.com.tr\/tr\/wp-json\/wp\/v2\/pages\/260\/revisions"}],"predecessor-version":[{"id":1012,"href":"https:\/\/atli.com.tr\/tr\/wp-json\/wp\/v2\/pages\/260\/revisions\/1012"}],"up":[{"embeddable":true,"href":"https:\/\/atli.com.tr\/tr\/wp-json\/wp\/v2\/pages\/147"}],"wp:attachment":[{"href":"https:\/\/atli.com.tr\/tr\/wp-json\/wp\/v2\/media?parent=260"}],"curies":[{"name":"wp","href":"https:\/\/api.w.org\/{rel}","templated":true}]}}