{"id":270,"date":"2020-08-20T17:11:18","date_gmt":"2020-08-20T14:11:18","guid":{"rendered":"http:\/\/atli.com.tr\/tr\/?page_id=270"},"modified":"2020-11-28T00:09:09","modified_gmt":"2020-11-27T21:09:09","slug":"mont-blanc","status":"publish","type":"page","link":"https:\/\/atli.com.tr\/tr\/patinaj-kar-zinciri-grubu\/mont-blanc\/","title":{"rendered":"Mont Blanc"},"content":{"rendered":"<p><div class=\"fusion-fullwidth fullwidth-box fusion-builder-row-1 fusion-flex-container nonhundred-percent-fullwidth non-hundred-percent-height-scrolling fusion-no-small-visibility fusion-no-medium-visibility\" style=\"--awb-border-radius-top-left:0px;--awb-border-radius-top-right:0px;--awb-border-radius-bottom-right:0px;--awb-border-radius-bottom-left:0px;--awb-padding-top:6%;--awb-background-color:#ffffff;--awb-flex-wrap:wrap;\" ><div class=\"fusion-builder-row fusion-row fusion-flex-align-items-flex-start fusion-flex-content-wrap\" style=\"max-width:1248px;margin-left: calc(-4% \/ 2 );margin-right: calc(-4% \/ 2 );\"><div class=\"fusion-layout-column fusion_builder_column fusion-builder-column-0 fusion_builder_column_1_3 1_3 fusion-flex-column\" style=\"--awb-bg-size:cover;--awb-width-large:33.333333333333%;--awb-margin-top-large:0px;--awb-spacing-right-large:0%;--awb-margin-bottom-large:0px;--awb-spacing-left-large:5.76%;--awb-width-medium:33.333333333333%;--awb-spacing-right-medium:0%;--awb-spacing-left-medium:5.76%;--awb-width-small:100%;--awb-spacing-right-small:1.92%;--awb-spacing-left-small:1.92%;\"><div class=\"fusion-column-wrapper fusion-column-has-shadow fusion-flex-justify-content-flex-start fusion-content-layout-column\"><div class=\"fusion-text fusion-text-1\"><h3>Patinaj \/ Kar Zinciri Grubu<\/h3>\n<\/div><div class=\"fusion-text fusion-text-2\"><p><a href=\"https:\/\/atli.com.tr\/tr\/patinaj-kar-zinciri-grubu\/super-x\/\">\u2013 S\u00dcPER X<\/a><br \/>\n<a href=\"https:\/\/atli.com.tr\/tr\/patinaj-kar-zinciri-grubu\/super-4x4\/\">\u2013 S\u00dcPER 4\u00d74<\/a><br \/>\n<a href=\"https:\/\/atli.com.tr\/tr\/patinaj-kar-zinciri-grubu\/mahmuzlu\/\">\u2013 MAHMUZLU<\/a><br \/>\n<a href=\"https:\/\/atli.com.tr\/tr\/patinaj-kar-zinciri-grubu\/herkul\/\">\u2013 HERK\u00dcL<\/a><br \/>\n<a href=\"https:\/\/atli.com.tr\/tr\/patinaj-kar-zinciri-grubu\/super-herkul\/\">\u2013 S\u00dcPER HERK\u00dcL<\/a><br \/>\n<em><strong>\u2013 MONT BLANC<\/strong><\/em><br \/>\n<a href=\"https:\/\/atli.com.tr\/tr\/patinaj-kar-zinciri-grubu\/himalaya\/\">\u2013 H\u0130MALAYA<\/a><\/p>\n<p><a href=\"https:\/\/atli.com.tr\/tr\/sanayi-zincir-grubu\/\"><strong>Sanayi Zincir Grubu<\/strong><\/a><br \/>\n<a href=\"https:\/\/atli.com.tr\/tr\/deniz-zincir-grubu\/\"><strong>Deniz Zinciri Grubu<\/strong><\/a><\/p>\n<\/div><\/div><\/div><div class=\"fusion-layout-column fusion_builder_column fusion-builder-column-1 fusion_builder_column_2_3 2_3 fusion-flex-column fusion-flex-align-self-stretch fusion-animated\" style=\"--awb-bg-size:cover;--awb-width-large:66.666666666667%;--awb-margin-top-large:0px;--awb-spacing-right-large:2.88%;--awb-margin-bottom-large:20px;--awb-spacing-left-large:2.88%;--awb-width-medium:66.666666666667%;--awb-order-medium:0;--awb-spacing-right-medium:2.88%;--awb-spacing-left-medium:2.88%;--awb-width-small:100%;--awb-order-small:0;--awb-spacing-right-small:1.92%;--awb-spacing-left-small:1.92%;\" data-animationType=\"fadeInRight\" data-animationDuration=\"1.0\" data-animationOffset=\"top-into-view\"><div class=\"fusion-column-wrapper fusion-column-has-shadow fusion-flex-justify-content-space-evenly fusion-content-layout-column\"><div class=\"fusion-builder-row fusion-builder-row-inner fusion-row fusion-flex-align-items-flex-start fusion-flex-content-wrap\" style=\"--awb-flex-grow:0;--awb-flex-grow-medium:0;--awb-flex-grow-small:0;--awb-flex-shrink:0;--awb-flex-shrink-medium:0;--awb-flex-shrink-small:0;width:104% !important;max-width:104% !important;margin-left: calc(-4% \/ 2 );margin-right: calc(-4% \/ 2 );\"><div class=\"fusion-layout-column fusion_builder_column_inner fusion-builder-nested-column-0 fusion_builder_column_inner_1_1 1_1 fusion-flex-column\" style=\"--awb-padding-top:2%;--awb-padding-right:2%;--awb-padding-left:2%;--awb-bg-color:rgba(237,237,237,0.6);--awb-bg-color-hover:rgba(237,237,237,0.6);--awb-bg-size:cover;--awb-width-large:100%;--awb-margin-top-large:0px;--awb-spacing-right-large:1.92%;--awb-margin-bottom-large:20px;--awb-spacing-left-large:1.92%;--awb-width-medium:100%;--awb-order-medium:0;--awb-spacing-right-medium:1.92%;--awb-spacing-left-medium:1.92%;--awb-width-small:100%;--awb-order-small:0;--awb-spacing-right-small:1.92%;--awb-spacing-left-small:1.92%;\"><div class=\"fusion-column-wrapper fusion-column-has-shadow fusion-flex-justify-content-flex-start fusion-content-layout-column\"><div class=\"fusion-text fusion-text-3\" style=\"--awb-content-alignment:left;\"><p><b>Mont Blanc patinaj\u00a0<\/b><b>zincirleri<\/b>, i\u015f makinalar\u0131 i\u00e7in alt\u0131gen \u00f6rg\u00fc desenli, parlak \u00e7inko kaplamal\u0131 ve a\u015f\u0131nmaya kar\u015f\u0131 sertle\u015ftirilmi\u015f, ekstra bakla ve takviye \u00e7ubuklar\u0131 ile g\u00fc\u00e7lendirilmi\u015f bir patinaj zinciridir.<\/p>\n<\/div><\/div><\/div><\/div><div class=\"fusion-text fusion-text-4\"><p>\u2013 Yo\u011fun kar m\u00fccadelesi yap\u0131lan zeminlerde, her t\u00fcrl\u00fc ileri ve yan kaymalara kar\u015f\u0131 en y\u00fcksek \u00e7eki\u015f ve fren emniyeti sunar<br \/>\n\u2013 Kendinden kilitlemeli i\u00e7 ve d\u0131\u015f d\u00f6vme kilitlerle kolay montaj<br \/>\n\u2013 Parlak \u00e7inko kaplamal\u0131 ve a\u015f\u0131nmaya kar\u015f\u0131 sertle\u015ftirilmi\u015f zincir<\/p>\n<\/div><div class=\"fusion-text fusion-text-5\"><p><img decoding=\"async\" class=\"aligncenter size-full wp-image-753\" src=\"https:\/\/atli.com.tr\/tr\/wp-content\/uploads\/2020\/10\/Mont-Blanc.jpg\" alt=\"\" width=\"800\" height=\"966\" srcset=\"https:\/\/atli.com.tr\/tr\/wp-content\/uploads\/2020\/10\/Mont-Blanc-200x242.jpg 200w, https:\/\/atli.com.tr\/tr\/wp-content\/uploads\/2020\/10\/Mont-Blanc-248x300.jpg 248w, https:\/\/atli.com.tr\/tr\/wp-content\/uploads\/2020\/10\/Mont-Blanc-400x483.jpg 400w, https:\/\/atli.com.tr\/tr\/wp-content\/uploads\/2020\/10\/Mont-Blanc-600x725.jpg 600w, https:\/\/atli.com.tr\/tr\/wp-content\/uploads\/2020\/10\/Mont-Blanc-768x927.jpg 768w, https:\/\/atli.com.tr\/tr\/wp-content\/uploads\/2020\/10\/Mont-Blanc.jpg 800w\" sizes=\"(max-width: 800px) 100vw, 800px\" \/><\/p>\n<\/div><\/div><\/div><\/div><\/div><div class=\"fusion-fullwidth fullwidth-box fusion-builder-row-2 fusion-flex-container nonhundred-percent-fullwidth non-hundred-percent-height-scrolling fusion-no-large-visibility\" style=\"--awb-border-radius-top-left:0px;--awb-border-radius-top-right:0px;--awb-border-radius-bottom-right:0px;--awb-border-radius-bottom-left:0px;--awb-padding-top:6%;--awb-flex-wrap:wrap;\" ><div class=\"fusion-builder-row fusion-row fusion-flex-align-items-flex-start fusion-flex-content-wrap\" style=\"max-width:1248px;margin-left: calc(-4% \/ 2 );margin-right: calc(-4% \/ 2 );\"><div class=\"fusion-layout-column fusion_builder_column fusion-builder-column-2 fusion_builder_column_2_3 2_3 fusion-flex-column fusion-flex-align-self-stretch fusion-animated\" style=\"--awb-padding-left:4%;--awb-bg-size:cover;--awb-width-large:66.666666666667%;--awb-margin-top-large:0px;--awb-spacing-right-large:2.88%;--awb-margin-bottom-large:20px;--awb-spacing-left-large:2.88%;--awb-width-medium:66.666666666667%;--awb-order-medium:0;--awb-spacing-right-medium:2.88%;--awb-spacing-left-medium:2.88%;--awb-width-small:100%;--awb-order-small:0;--awb-spacing-right-small:1.92%;--awb-spacing-left-small:1.92%;\" data-animationType=\"fadeInRight\" data-animationDuration=\"1.0\" data-animationOffset=\"top-into-view\"><div class=\"fusion-column-wrapper fusion-column-has-shadow fusion-flex-justify-content-space-evenly fusion-content-layout-column\"><div class=\"fusion-builder-row fusion-builder-row-inner fusion-row fusion-flex-align-items-flex-start fusion-flex-content-wrap\" style=\"--awb-flex-grow:0;--awb-flex-grow-medium:0;--awb-flex-grow-small:0;--awb-flex-shrink:0;--awb-flex-shrink-medium:0;--awb-flex-shrink-small:0;width:104% !important;max-width:104% !important;margin-left: calc(-4% \/ 2 );margin-right: calc(-4% \/ 2 );\"><div class=\"fusion-layout-column fusion_builder_column_inner fusion-builder-nested-column-1 fusion_builder_column_inner_1_1 1_1 fusion-flex-column\" style=\"--awb-padding-top:2%;--awb-padding-right:2%;--awb-padding-left:2%;--awb-bg-color:rgba(237,237,237,0.6);--awb-bg-color-hover:rgba(237,237,237,0.6);--awb-bg-size:cover;--awb-width-large:100%;--awb-margin-top-large:0px;--awb-spacing-right-large:1.92%;--awb-margin-bottom-large:20px;--awb-spacing-left-large:1.92%;--awb-width-medium:100%;--awb-order-medium:0;--awb-spacing-right-medium:1.92%;--awb-spacing-left-medium:1.92%;--awb-width-small:100%;--awb-order-small:0;--awb-spacing-right-small:1.92%;--awb-spacing-left-small:1.92%;\"><div class=\"fusion-column-wrapper fusion-column-has-shadow fusion-flex-justify-content-flex-start fusion-content-layout-column\"><div class=\"fusion-text fusion-text-6\" style=\"--awb-content-alignment:left;\"><p><b>Mont Blanc patinaj\u00a0<\/b><b>zincirleri<\/b>, i\u015f makinalar\u0131 i\u00e7in alt\u0131gen \u00f6rg\u00fc desenli, parlak \u00e7inko kaplamal\u0131 ve a\u015f\u0131nmaya kar\u015f\u0131 sertle\u015ftirilmi\u015f, ekstra bakla ve takviye \u00e7ubuklar\u0131 ile g\u00fc\u00e7lendirilmi\u015f bir patinaj zinciridir.<\/p>\n<\/div><\/div><\/div><\/div><div class=\"fusion-text fusion-text-7\"><p style=\"text-align: left;\">\u2013 Yo\u011fun kar m\u00fccaledesi yap\u0131lan zeminlerde, her t\u00fcrl\u00fc ileri ve yan kaymalara kar\u015f\u0131 en y\u00fcksek \u00e7eki\u015f ve fren emniyeti sunar<br \/>\n\u2013 Kendinden kilitlemeli i\u00e7 ve d\u0131\u015f d\u00f6vme kilitlerle kolay montaj<br \/>\n\u2013 Parlak \u00e7inko kaplamal\u0131 ve a\u015f\u0131nmaya kar\u015f\u0131 sertle\u015ftirilmi\u015f zincir<\/p>\n<\/div><div class=\"fusion-text fusion-text-8\"><p><img decoding=\"async\" class=\"aligncenter size-full wp-image-753\" src=\"https:\/\/atli.com.tr\/tr\/wp-content\/uploads\/2020\/10\/Mont-Blanc.jpg\" alt=\"\" width=\"800\" height=\"966\" srcset=\"https:\/\/atli.com.tr\/tr\/wp-content\/uploads\/2020\/10\/Mont-Blanc-200x242.jpg 200w, https:\/\/atli.com.tr\/tr\/wp-content\/uploads\/2020\/10\/Mont-Blanc-248x300.jpg 248w, https:\/\/atli.com.tr\/tr\/wp-content\/uploads\/2020\/10\/Mont-Blanc-400x483.jpg 400w, https:\/\/atli.com.tr\/tr\/wp-content\/uploads\/2020\/10\/Mont-Blanc-600x725.jpg 600w, https:\/\/atli.com.tr\/tr\/wp-content\/uploads\/2020\/10\/Mont-Blanc-768x927.jpg 768w, https:\/\/atli.com.tr\/tr\/wp-content\/uploads\/2020\/10\/Mont-Blanc.jpg 800w\" sizes=\"(max-width: 800px) 100vw, 800px\" \/><\/p>\n<\/div><\/div><\/div><div class=\"fusion-layout-column fusion_builder_column fusion-builder-column-3 fusion_builder_column_1_3 1_3 fusion-flex-column\" style=\"--awb-padding-top:36px;--awb-bg-size:cover;--awb-width-large:33.333333333333%;--awb-margin-top-large:0px;--awb-spacing-right-large:5.76%;--awb-margin-bottom-large:0px;--awb-spacing-left-large:5.76%;--awb-width-medium:33.333333333333%;--awb-spacing-right-medium:5.76%;--awb-spacing-left-medium:5.76%;--awb-width-small:100%;--awb-spacing-right-small:1.92%;--awb-spacing-left-small:1.92%;\"><div class=\"fusion-column-wrapper fusion-column-has-shadow fusion-flex-justify-content-flex-start fusion-content-layout-column\"><div class=\"fusion-text fusion-text-9\"><h3>Patinaj \/ Kar Zinciri Grubu<\/h3>\n<\/div><div class=\"fusion-text fusion-text-10\"><p><a href=\"https:\/\/atli.com.tr\/tr\/patinaj-kar-zinciri-grubu\/super-x\/\">\u2013 S\u00dcPER X<\/a><br \/>\n<a href=\"https:\/\/atli.com.tr\/tr\/patinaj-kar-zinciri-grubu\/super-4x4\/\">\u2013 S\u00dcPER 4\u00d74<\/a><br \/>\n<a href=\"https:\/\/atli.com.tr\/tr\/patinaj-kar-zinciri-grubu\/mahmuzlu\/\">\u2013 MAHMUZLU<\/a><br \/>\n<a href=\"https:\/\/atli.com.tr\/tr\/patinaj-kar-zinciri-grubu\/herkul\/\">\u2013 HERK\u00dcL<\/a><br \/>\n<a href=\"https:\/\/atli.com.tr\/tr\/patinaj-kar-zinciri-grubu\/super-herkul\/\">\u2013 S\u00dcPER HERK\u00dcL<\/a><br \/>\n<em><strong>\u2013 MONT BLANC<\/strong><\/em><br \/>\n<a href=\"https:\/\/atli.com.tr\/tr\/patinaj-kar-zinciri-grubu\/himalaya\/\">\u2013 H\u0130MALAYA<\/a><\/p>\n<p><a href=\"https:\/\/atli.com.tr\/tr\/sanayi-zincir-grubu\/\"><strong>Sanayi Zincir Grubu<\/strong><\/a><br \/>\n<a href=\"https:\/\/atli.com.tr\/tr\/deniz-zincir-grubu\/\"><strong>Deniz Zinciri Grubu<\/strong><\/a><\/p>\n<\/div><\/div><\/div><\/div><\/div><\/p>\n","protected":false},"excerpt":{"rendered":"","protected":false},"author":1,"featured_media":0,"parent":147,"menu_order":0,"comment_status":"closed","ping_status":"closed","template":"","meta":{"footnotes":""},"class_list":["post-270","page","type-page","status-publish","hentry"],"_links":{"self":[{"href":"https:\/\/atli.com.tr\/tr\/wp-json\/wp\/v2\/pages\/270","targetHints":{"allow":["GET"]}}],"collection":[{"href":"https:\/\/atli.com.tr\/tr\/wp-json\/wp\/v2\/pages"}],"about":[{"href":"https:\/\/atli.com.tr\/tr\/wp-json\/wp\/v2\/types\/page"}],"author":[{"embeddable":true,"href":"https:\/\/atli.com.tr\/tr\/wp-json\/wp\/v2\/users\/1"}],"replies":[{"embeddable":true,"href":"https:\/\/atli.com.tr\/tr\/wp-json\/wp\/v2\/comments?post=270"}],"version-history":[{"count":9,"href":"https:\/\/atli.com.tr\/tr\/wp-json\/wp\/v2\/pages\/270\/revisions"}],"predecessor-version":[{"id":1071,"href":"https:\/\/atli.com.tr\/tr\/wp-json\/wp\/v2\/pages\/270\/revisions\/1071"}],"up":[{"embeddable":true,"href":"https:\/\/atli.com.tr\/tr\/wp-json\/wp\/v2\/pages\/147"}],"wp:attachment":[{"href":"https:\/\/atli.com.tr\/tr\/wp-json\/wp\/v2\/media?parent=270"}],"curies":[{"name":"wp","href":"https:\/\/api.w.org\/{rel}","templated":true}]}}