{"id":598,"date":"2020-09-30T20:41:40","date_gmt":"2020-09-30T17:41:40","guid":{"rendered":"http:\/\/atli.com.tr\/tr\/?page_id=598"},"modified":"2020-10-28T16:37:37","modified_gmt":"2020-10-28T13:37:37","slug":"takmatik-montaj-talimati","status":"publish","type":"page","link":"https:\/\/atli.com.tr\/tr\/takmatik-montaj-talimati\/","title":{"rendered":"Takmatik Montaj Talimat\u0131"},"content":{"rendered":"<p><div class=\"fusion-fullwidth fullwidth-box fusion-builder-row-1 fusion-flex-container nonhundred-percent-fullwidth non-hundred-percent-height-scrolling\" style=\"--awb-border-radius-top-left:0px;--awb-border-radius-top-right:0px;--awb-border-radius-bottom-right:0px;--awb-border-radius-bottom-left:0px;--awb-flex-wrap:wrap;\" ><div class=\"fusion-builder-row fusion-row fusion-flex-align-items-flex-start fusion-flex-content-wrap\" style=\"max-width:1248px;margin-left: calc(-4% \/ 2 );margin-right: calc(-4% \/ 2 );\"><div class=\"fusion-layout-column fusion_builder_column fusion-builder-column-0 fusion_builder_column_1_2 1_2 fusion-flex-column\" style=\"--awb-bg-size:cover;--awb-width-large:50%;--awb-margin-top-large:0px;--awb-spacing-right-large:3.84%;--awb-margin-bottom-large:20px;--awb-spacing-left-large:3.84%;--awb-width-medium:50%;--awb-order-medium:0;--awb-spacing-right-medium:3.84%;--awb-spacing-left-medium:3.84%;--awb-width-small:100%;--awb-order-small:0;--awb-spacing-right-small:1.92%;--awb-spacing-left-small:1.92%;\"><div class=\"fusion-column-wrapper fusion-column-has-shadow fusion-flex-justify-content-flex-start fusion-content-layout-column\"><div class=\"fusion-text fusion-text-1\"><p><img decoding=\"async\" class=\"aligncenter size-full wp-image-631\" src=\"https:\/\/atli.com.tr\/tr\/wp-content\/uploads\/2020\/09\/1-1.jpg\" alt=\"\" width=\"850\" height=\"914\" srcset=\"https:\/\/atli.com.tr\/tr\/wp-content\/uploads\/2020\/09\/1-1-200x215.jpg 200w, https:\/\/atli.com.tr\/tr\/wp-content\/uploads\/2020\/09\/1-1-279x300.jpg 279w, https:\/\/atli.com.tr\/tr\/wp-content\/uploads\/2020\/09\/1-1-400x430.jpg 400w, https:\/\/atli.com.tr\/tr\/wp-content\/uploads\/2020\/09\/1-1-600x645.jpg 600w, https:\/\/atli.com.tr\/tr\/wp-content\/uploads\/2020\/09\/1-1-768x826.jpg 768w, https:\/\/atli.com.tr\/tr\/wp-content\/uploads\/2020\/09\/1-1-800x860.jpg 800w, https:\/\/atli.com.tr\/tr\/wp-content\/uploads\/2020\/09\/1-1.jpg 850w\" sizes=\"(max-width: 850px) 100vw, 850px\" \/><img decoding=\"async\" class=\"aligncenter size-full wp-image-625\" src=\"https:\/\/atli.com.tr\/tr\/wp-content\/uploads\/2020\/09\/1.png\" alt=\"\" width=\"850\" height=\"914\" \/><\/p>\n<\/div><div class=\"fusion-text fusion-text-2\"><p><strong>Esnek \u00e7elik halat\u0131 \u00f6n veya arkada bulunan \u00e7ekici tekerle\u011fin arkas\u0131ndan ge\u00e7iriniz.<\/strong><\/p>\n<\/div><\/div><\/div><div class=\"fusion-layout-column fusion_builder_column fusion-builder-column-1 fusion_builder_column_1_2 1_2 fusion-flex-column\" style=\"--awb-bg-size:cover;--awb-width-large:50%;--awb-margin-top-large:0px;--awb-spacing-right-large:3.84%;--awb-margin-bottom-large:20px;--awb-spacing-left-large:3.84%;--awb-width-medium:50%;--awb-order-medium:0;--awb-spacing-right-medium:3.84%;--awb-spacing-left-medium:3.84%;--awb-width-small:100%;--awb-order-small:0;--awb-spacing-right-small:1.92%;--awb-spacing-left-small:1.92%;\"><div class=\"fusion-column-wrapper fusion-column-has-shadow fusion-flex-justify-content-flex-start fusion-content-layout-column\"><div class=\"fusion-text fusion-text-3\"><p><img decoding=\"async\" class=\"aligncenter size-full wp-image-632\" src=\"https:\/\/atli.com.tr\/tr\/wp-content\/uploads\/2020\/09\/1-2.jpg\" alt=\"\" width=\"850\" height=\"914\" srcset=\"https:\/\/atli.com.tr\/tr\/wp-content\/uploads\/2020\/09\/1-2-200x215.jpg 200w, https:\/\/atli.com.tr\/tr\/wp-content\/uploads\/2020\/09\/1-2-279x300.jpg 279w, https:\/\/atli.com.tr\/tr\/wp-content\/uploads\/2020\/09\/1-2-400x430.jpg 400w, https:\/\/atli.com.tr\/tr\/wp-content\/uploads\/2020\/09\/1-2-600x645.jpg 600w, https:\/\/atli.com.tr\/tr\/wp-content\/uploads\/2020\/09\/1-2-768x826.jpg 768w, https:\/\/atli.com.tr\/tr\/wp-content\/uploads\/2020\/09\/1-2-800x860.jpg 800w, https:\/\/atli.com.tr\/tr\/wp-content\/uploads\/2020\/09\/1-2.jpg 850w\" sizes=\"(max-width: 850px) 100vw, 850px\" \/><img decoding=\"async\" class=\"aligncenter size-full wp-image-627\" src=\"https:\/\/atli.com.tr\/tr\/wp-content\/uploads\/2020\/09\/2.png\" alt=\"\" width=\"850\" height=\"914\" \/><\/p>\n<\/div><div class=\"fusion-text fusion-text-4\"><p><strong>K\u0131rm\u0131z\u0131 k\u0131s\u0131mlardan tutarak halat\u0131 jant hizas\u0131ndan kapat\u0131n\u0131z.<\/strong><\/p>\n<\/div><\/div><\/div><\/div><\/div><div class=\"fusion-fullwidth fullwidth-box fusion-builder-row-2 fusion-flex-container nonhundred-percent-fullwidth non-hundred-percent-height-scrolling\" style=\"--awb-border-radius-top-left:0px;--awb-border-radius-top-right:0px;--awb-border-radius-bottom-right:0px;--awb-border-radius-bottom-left:0px;--awb-flex-wrap:wrap;\" ><div class=\"fusion-builder-row fusion-row fusion-flex-align-items-flex-start fusion-flex-content-wrap\" style=\"max-width:1248px;margin-left: calc(-4% \/ 2 );margin-right: calc(-4% \/ 2 );\"><div class=\"fusion-layout-column fusion_builder_column fusion-builder-column-2 fusion_builder_column_1_2 1_2 fusion-flex-column\" style=\"--awb-bg-size:cover;--awb-width-large:50%;--awb-margin-top-large:0px;--awb-spacing-right-large:3.84%;--awb-margin-bottom-large:20px;--awb-spacing-left-large:3.84%;--awb-width-medium:50%;--awb-order-medium:0;--awb-spacing-right-medium:3.84%;--awb-spacing-left-medium:3.84%;--awb-width-small:100%;--awb-order-small:0;--awb-spacing-right-small:1.92%;--awb-spacing-left-small:1.92%;\"><div class=\"fusion-column-wrapper fusion-column-has-shadow fusion-flex-justify-content-flex-start fusion-content-layout-column\"><div class=\"fusion-text fusion-text-5\"><p><img decoding=\"async\" class=\"aligncenter size-full wp-image-633\" src=\"https:\/\/atli.com.tr\/tr\/wp-content\/uploads\/2020\/09\/1-3.jpg\" alt=\"\" width=\"850\" height=\"914\" srcset=\"https:\/\/atli.com.tr\/tr\/wp-content\/uploads\/2020\/09\/1-3-200x215.jpg 200w, https:\/\/atli.com.tr\/tr\/wp-content\/uploads\/2020\/09\/1-3-279x300.jpg 279w, https:\/\/atli.com.tr\/tr\/wp-content\/uploads\/2020\/09\/1-3-400x430.jpg 400w, https:\/\/atli.com.tr\/tr\/wp-content\/uploads\/2020\/09\/1-3-600x645.jpg 600w, https:\/\/atli.com.tr\/tr\/wp-content\/uploads\/2020\/09\/1-3-768x826.jpg 768w, https:\/\/atli.com.tr\/tr\/wp-content\/uploads\/2020\/09\/1-3-800x860.jpg 800w, https:\/\/atli.com.tr\/tr\/wp-content\/uploads\/2020\/09\/1-3.jpg 850w\" sizes=\"(max-width: 850px) 100vw, 850px\" \/><img decoding=\"async\" class=\"aligncenter size-full wp-image-628\" src=\"https:\/\/atli.com.tr\/tr\/wp-content\/uploads\/2020\/09\/3.png\" alt=\"\" width=\"850\" height=\"914\" \/><\/p>\n<\/div><div class=\"fusion-text fusion-text-6\"><p><strong>Sar\u0131 renkli zincirin ucunu sar\u0131 fosfor boyal\u0131 klide tak\u0131n\u0131z.<\/strong><\/p>\n<\/div><\/div><\/div><div class=\"fusion-layout-column fusion_builder_column fusion-builder-column-3 fusion_builder_column_1_2 1_2 fusion-flex-column\" style=\"--awb-bg-size:cover;--awb-width-large:50%;--awb-margin-top-large:0px;--awb-spacing-right-large:3.84%;--awb-margin-bottom-large:20px;--awb-spacing-left-large:3.84%;--awb-width-medium:50%;--awb-order-medium:0;--awb-spacing-right-medium:3.84%;--awb-spacing-left-medium:3.84%;--awb-width-small:100%;--awb-order-small:0;--awb-spacing-right-small:1.92%;--awb-spacing-left-small:1.92%;\"><div class=\"fusion-column-wrapper fusion-column-has-shadow fusion-flex-justify-content-flex-start fusion-content-layout-column\"><div class=\"fusion-text fusion-text-7\"><p><img decoding=\"async\" class=\"aligncenter size-full wp-image-634\" src=\"https:\/\/atli.com.tr\/tr\/wp-content\/uploads\/2020\/09\/1-4.jpg\" alt=\"\" width=\"850\" height=\"914\" srcset=\"https:\/\/atli.com.tr\/tr\/wp-content\/uploads\/2020\/09\/1-4-200x215.jpg 200w, https:\/\/atli.com.tr\/tr\/wp-content\/uploads\/2020\/09\/1-4-279x300.jpg 279w, https:\/\/atli.com.tr\/tr\/wp-content\/uploads\/2020\/09\/1-4-400x430.jpg 400w, https:\/\/atli.com.tr\/tr\/wp-content\/uploads\/2020\/09\/1-4-600x645.jpg 600w, https:\/\/atli.com.tr\/tr\/wp-content\/uploads\/2020\/09\/1-4-768x826.jpg 768w, https:\/\/atli.com.tr\/tr\/wp-content\/uploads\/2020\/09\/1-4-800x860.jpg 800w, https:\/\/atli.com.tr\/tr\/wp-content\/uploads\/2020\/09\/1-4.jpg 850w\" sizes=\"(max-width: 850px) 100vw, 850px\" \/><img decoding=\"async\" class=\"aligncenter size-full wp-image-629\" src=\"https:\/\/atli.com.tr\/tr\/wp-content\/uploads\/2020\/09\/4.png\" alt=\"\" width=\"850\" height=\"914\" \/><\/p>\n<\/div><div class=\"fusion-text fusion-text-8\"><p><strong>\u00c7elik halat\u0131 lasti\u011fin arkas\u0131na iterek zinciri lasti\u011fe tam olarak oturtunuz.<\/strong><\/p>\n<\/div><\/div><\/div><\/div><\/div><div class=\"fusion-fullwidth fullwidth-box fusion-builder-row-3 fusion-flex-container nonhundred-percent-fullwidth non-hundred-percent-height-scrolling\" style=\"--awb-border-radius-top-left:0px;--awb-border-radius-top-right:0px;--awb-border-radius-bottom-right:0px;--awb-border-radius-bottom-left:0px;--awb-flex-wrap:wrap;\" ><div class=\"fusion-builder-row fusion-row fusion-flex-align-items-flex-start fusion-flex-content-wrap\" style=\"max-width:1248px;margin-left: calc(-4% \/ 2 );margin-right: calc(-4% \/ 2 );\"><div class=\"fusion-layout-column fusion_builder_column fusion-builder-column-4 fusion_builder_column_1_2 1_2 fusion-flex-column\" style=\"--awb-bg-size:cover;--awb-width-large:50%;--awb-margin-top-large:0px;--awb-spacing-right-large:3.84%;--awb-margin-bottom-large:20px;--awb-spacing-left-large:3.84%;--awb-width-medium:50%;--awb-order-medium:0;--awb-spacing-right-medium:3.84%;--awb-spacing-left-medium:3.84%;--awb-width-small:100%;--awb-order-small:0;--awb-spacing-right-small:1.92%;--awb-spacing-left-small:1.92%;\"><div class=\"fusion-column-wrapper fusion-column-has-shadow fusion-flex-justify-content-flex-start fusion-content-layout-column\"><div class=\"fusion-text fusion-text-9\"><p><img decoding=\"async\" class=\"aligncenter size-full wp-image-635\" src=\"https:\/\/atli.com.tr\/tr\/wp-content\/uploads\/2020\/09\/1-5.jpg\" alt=\"\" width=\"850\" height=\"914\" srcset=\"https:\/\/atli.com.tr\/tr\/wp-content\/uploads\/2020\/09\/1-5-200x215.jpg 200w, https:\/\/atli.com.tr\/tr\/wp-content\/uploads\/2020\/09\/1-5-279x300.jpg 279w, https:\/\/atli.com.tr\/tr\/wp-content\/uploads\/2020\/09\/1-5-400x430.jpg 400w, https:\/\/atli.com.tr\/tr\/wp-content\/uploads\/2020\/09\/1-5-600x645.jpg 600w, https:\/\/atli.com.tr\/tr\/wp-content\/uploads\/2020\/09\/1-5-768x826.jpg 768w, https:\/\/atli.com.tr\/tr\/wp-content\/uploads\/2020\/09\/1-5-800x860.jpg 800w, https:\/\/atli.com.tr\/tr\/wp-content\/uploads\/2020\/09\/1-5.jpg 850w\" sizes=\"(max-width: 850px) 100vw, 850px\" \/><img decoding=\"async\" class=\"aligncenter size-full wp-image-628\" src=\"https:\/\/atli.com.tr\/tr\/wp-content\/uploads\/2020\/09\/3.png\" alt=\"\" width=\"850\" height=\"914\" \/><\/p>\n<\/div><div class=\"fusion-text fusion-text-10\"><p><strong>Ye\u015fil renkli gergi zincirini ye\u015fil fosfor boyal\u0131 U kilitleme kanal\u0131ndan ge\u00e7irerek kilitleyiniz.<\/strong><\/p>\n<\/div><\/div><\/div><div class=\"fusion-layout-column fusion_builder_column fusion-builder-column-5 fusion_builder_column_1_2 1_2 fusion-flex-column\" style=\"--awb-bg-size:cover;--awb-width-large:50%;--awb-margin-top-large:0px;--awb-spacing-right-large:3.84%;--awb-margin-bottom-large:20px;--awb-spacing-left-large:3.84%;--awb-width-medium:50%;--awb-order-medium:0;--awb-spacing-right-medium:3.84%;--awb-spacing-left-medium:3.84%;--awb-width-small:100%;--awb-order-small:0;--awb-spacing-right-small:1.92%;--awb-spacing-left-small:1.92%;\"><div class=\"fusion-column-wrapper fusion-column-has-shadow fusion-flex-justify-content-flex-start fusion-content-layout-column\"><div class=\"fusion-text fusion-text-11\"><p><img decoding=\"async\" class=\"aligncenter size-full wp-image-636\" src=\"https:\/\/atli.com.tr\/tr\/wp-content\/uploads\/2020\/09\/1-6.jpg\" alt=\"\" width=\"850\" height=\"914\" srcset=\"https:\/\/atli.com.tr\/tr\/wp-content\/uploads\/2020\/09\/1-6-200x215.jpg 200w, https:\/\/atli.com.tr\/tr\/wp-content\/uploads\/2020\/09\/1-6-279x300.jpg 279w, https:\/\/atli.com.tr\/tr\/wp-content\/uploads\/2020\/09\/1-6-400x430.jpg 400w, https:\/\/atli.com.tr\/tr\/wp-content\/uploads\/2020\/09\/1-6-600x645.jpg 600w, https:\/\/atli.com.tr\/tr\/wp-content\/uploads\/2020\/09\/1-6-768x826.jpg 768w, https:\/\/atli.com.tr\/tr\/wp-content\/uploads\/2020\/09\/1-6-800x860.jpg 800w, https:\/\/atli.com.tr\/tr\/wp-content\/uploads\/2020\/09\/1-6.jpg 850w\" sizes=\"(max-width: 850px) 100vw, 850px\" \/><img decoding=\"async\" class=\"aligncenter size-full wp-image-629\" src=\"https:\/\/atli.com.tr\/tr\/wp-content\/uploads\/2020\/09\/4.png\" alt=\"\" width=\"850\" height=\"914\" \/><\/p>\n<\/div><div class=\"fusion-text fusion-text-12\"><p><strong>Ye\u015fil renkli gergi zincirini ye\u015fil fosfor boyal\u0131 plastik klavuz yuvas\u0131ndan ge\u00e7irerek gerdiriniz ve ucundaki lastikli kancay\u0131 \u00e7evre zincirine tak\u0131n\u0131z.<\/strong><\/p>\n<\/div><\/div><\/div><\/div><\/div><div class=\"fusion-fullwidth fullwidth-box fusion-builder-row-4 fusion-flex-container nonhundred-percent-fullwidth non-hundred-percent-height-scrolling\" style=\"--awb-border-radius-top-left:0px;--awb-border-radius-top-right:0px;--awb-border-radius-bottom-right:0px;--awb-border-radius-bottom-left:0px;--awb-flex-wrap:wrap;\" ><div class=\"fusion-builder-row fusion-row fusion-flex-align-items-flex-start fusion-flex-content-wrap\" style=\"max-width:1248px;margin-left: calc(-4% \/ 2 );margin-right: calc(-4% \/ 2 );\"><div class=\"fusion-layout-column fusion_builder_column fusion-builder-column-6 fusion_builder_column_1_1 1_1 fusion-flex-column\" style=\"--awb-bg-size:cover;--awb-width-large:100%;--awb-margin-top-large:0px;--awb-spacing-right-large:1.92%;--awb-margin-bottom-large:20px;--awb-spacing-left-large:1.92%;--awb-width-medium:100%;--awb-order-medium:0;--awb-spacing-right-medium:1.92%;--awb-spacing-left-medium:1.92%;--awb-width-small:100%;--awb-order-small:0;--awb-spacing-right-small:1.92%;--awb-spacing-left-small:1.92%;\"><div class=\"fusion-column-wrapper fusion-column-has-shadow fusion-flex-justify-content-flex-start fusion-content-layout-column\"><div class=\"fusion-text fusion-text-13\"><p><span style=\"color: #ff0000;\">\u00d6nemli Not:<\/span> <strong>TAKMAT\u0130K PAT\u0130NAJ Z\u0130NC\u0130RLER\u0130N\u0130 100 METRE G\u0130TT\u0130KTEN SONRA TEKRAR GERD\u0130RMEK GEREKMEKTED\u0130R.<\/strong><\/p>\n<\/div><div class=\"fusion-text fusion-text-14\"><p><strong>K\u0131\u015f \u015fartlar\u0131 i\u00e7in bilgi ve \u00f6\u011f\u00fctler<\/strong><\/p>\n<\/div><div class=\"fusion-text fusion-text-15\"><p>&gt;&gt; K\u0131\u015f ba\u015flarken patinaj zincirinizi arac\u0131n\u0131z\u0131n bagaj\u0131na koyunuz.<br \/>\n&gt;&gt; Yeni ald\u0131\u011f\u0131n\u0131z zincirleri arac\u0131n\u0131za takarak tekerle\u011fe uygunlu\u011funu kontrol ediniz.<br \/>\n&gt;&gt; Zincirli ara\u00e7la 50 km\/saat h\u0131z\u0131n \u00fcst\u00fcne \u00e7\u0131kmay\u0131n\u0131z.<br \/>\n&gt;&gt; Zincir takt\u0131\u011f\u0131n\u0131z lasti\u011fin havas\u0131n\u0131 indirmeyiniz, y\u00fckseltmeyiniz.<br \/>\n&gt;&gt; Zincirde bir kopma meydana geldi\u011fi takdirde arca herhangi bir zarar vermemek \u00fczere derhal durunuz.<br \/>\n&gt;&gt; Patinaj zincirini kuru yolda kullanmay\u0131n\u0131z.<\/p>\n<\/div><\/div><\/div><\/div><\/div><\/p>\n","protected":false},"excerpt":{"rendered":"","protected":false},"author":1,"featured_media":0,"parent":0,"menu_order":0,"comment_status":"closed","ping_status":"closed","template":"","meta":{"footnotes":""},"class_list":["post-598","page","type-page","status-publish","hentry"],"_links":{"self":[{"href":"https:\/\/atli.com.tr\/tr\/wp-json\/wp\/v2\/pages\/598","targetHints":{"allow":["GET"]}}],"collection":[{"href":"https:\/\/atli.com.tr\/tr\/wp-json\/wp\/v2\/pages"}],"about":[{"href":"https:\/\/atli.com.tr\/tr\/wp-json\/wp\/v2\/types\/page"}],"author":[{"embeddable":true,"href":"https:\/\/atli.com.tr\/tr\/wp-json\/wp\/v2\/users\/1"}],"replies":[{"embeddable":true,"href":"https:\/\/atli.com.tr\/tr\/wp-json\/wp\/v2\/comments?post=598"}],"version-history":[{"count":5,"href":"https:\/\/atli.com.tr\/tr\/wp-json\/wp\/v2\/pages\/598\/revisions"}],"predecessor-version":[{"id":1014,"href":"https:\/\/atli.com.tr\/tr\/wp-json\/wp\/v2\/pages\/598\/revisions\/1014"}],"wp:attachment":[{"href":"https:\/\/atli.com.tr\/tr\/wp-json\/wp\/v2\/media?parent=598"}],"curies":[{"name":"wp","href":"https:\/\/api.w.org\/{rel}","templated":true}]}}